{"id":2752,"date":"2021-03-26T08:58:31","date_gmt":"2021-03-26T01:58:31","guid":{"rendered":"http:\/\/kirbysoitheastasia.123websitedev.com\/?page_id=2752"},"modified":"2021-03-29T15:08:47","modified_gmt":"2021-03-29T08:08:47","slug":"csr-stories","status":"publish","type":"page","link":"https:\/\/kirbysoutheastasia.com\/vi\/csr-stories\/","title":{"rendered":"C\u00e2u chuy\u1ec7n CSR"},"content":{"rendered":"<section class=\"vc_row wpb_row vc_row-fluid vc-zozo-section typo-dark\"><div class=\"zozo-vc-main-row-inner vc-normal-section\"><div class=\"wpb_column vc_main_column vc_column_container vc_col-sm-12 typo-default\"><div class=\"vc_column-inner\"><div class=\"wpb_wrapper\"><div class=\"zozo-blog-posts-wrapper\"><div id=\"archive-posts-container\" class=\"zozo-posts-container grid-layout grid-col-3 scroll-pagination clearfix\"><article id=\"post-3493\" class=\"grid-posts post-3493 post type-post status-publish format-standard has-post-thumbnail hentry category-csr-stories tag-kirby-dong-nam-a tag-kirby-southeastasia tag-thep-tien-che\"><div class=\"post-inner-wrapper\">\r\n\r\n            <div class=\"post-featured-image only-image\">\r\n                <div class=\"entry-thumbnail-wrapper\">\r\n                    <div class=\"entry-thumbnail\">\r\n                                                            <a href=\"https:\/\/kirbysoutheastasia.com\/vi\/kirby-sea-donated-120000000-vnd-through-indian-chamber-of-commerce-in-hcmc-to-fatherland-front-with-an-aim-to-help-vietnamese-overcome-covid-19\/\" title=\"Kirby SEA donated 120,000,000 VND to help Vietnamese overcome Covid -19.\" class=\"post-img\">\r\n                                                                        <img width=\"800\" height=\"450\" src=\"https:\/\/kirbysoutheastasia.com\/wp-content\/uploads\/2021\/10\/logo-kirby.png\" class=\"attachment-full size-full wp-post-image\" alt=\"\" decoding=\"async\" loading=\"lazy\" srcset=\"https:\/\/kirbysoutheastasia.com\/wp-content\/uploads\/2021\/10\/logo-kirby.png 800w, https:\/\/kirbysoutheastasia.com\/wp-content\/uploads\/2021\/10\/logo-kirby-300x169.png 300w, https:\/\/kirbysoutheastasia.com\/wp-content\/uploads\/2021\/10\/logo-kirby-768x432.png 768w, https:\/\/kirbysoutheastasia.com\/wp-content\/uploads\/2021\/10\/logo-kirby-18x10.png 18w\" sizes=\"(max-width: 800px) 100vw, 800px\" \/>\r\n\r\n                                                                <\/a>\r\n                                                <\/div>\r\n                <\/div>\r\n            <\/div>\r\n\r\n        \r\n    \r\n    <div class=\"posts-content-container\"><div class=\"entry-header\">\r\n\t\t\t\t\t\t\t\t\t<h2 class=\"entry-title\"><a href=\"https:\/\/kirbysoutheastasia.com\/vi\/kirby-sea-donated-120000000-vnd-through-indian-chamber-of-commerce-in-hcmc-to-fatherland-front-with-an-aim-to-help-vietnamese-overcome-covid-19\/\" rel=\"bookmark\" title=\"Kirby SEA donated 120,000,000 VND to help Vietnamese overcome Covid -19.\">Kirby SEA donated 120,000,000 VND to help Vietnamese overcome Covid -19.<\/a><\/h2>\r\n\t\t\t\t\t\t\t\t<\/div><div class=\"entry-summary clearfix\"><p>On 16th Aug2021, Kirby SEA donated 120,000,000 VND through Indian Chamber of Commerce in HCMC to Fatherland Front\u00a0 with an aim to help Vietnamese overcome Covid -19.\u00a0 Kirby SEA hopes that this contribution will help in current Covid-19 situation in<\/p><\/div><div class=\"entry-meta-wrapper\"><div class=\"read-more\"><a href=\"https:\/\/kirbysoutheastasia.com\/vi\/kirby-sea-donated-120000000-vnd-through-indian-chamber-of-commerce-in-hcmc-to-fatherland-front-with-an-aim-to-help-vietnamese-overcome-covid-19\/\" class=\"btn-more read-more-link\">Read more<\/a><\/div><div class=\"entry-meta\"><div class=\"comments-link\"><i class=\"simple-icon icon-bubbles\"><\/i><a href=\"https:\/\/kirbysoutheastasia.com\/vi\/kirby-sea-donated-120000000-vnd-through-indian-chamber-of-commerce-in-hcmc-to-fatherland-front-with-an-aim-to-help-vietnamese-overcome-covid-19\/#respond\"><span class=\"leave-reply\">0<\/span><\/a><\/div><\/div><\/div><\/div><\/div><\/article><article id=\"post-2713\" class=\"grid-posts post-2713 post type-post status-publish format-standard has-post-thumbnail hentry category-csr-stories tag-home tag-kirby-dong-nam-a tag-kirbysoutheastasia tag-residential tag-thep-tien-che\"><div class=\"post-inner-wrapper\">\r\n\r\n            <div class=\"post-featured-image only-image\">\r\n                <div class=\"entry-thumbnail-wrapper\">\r\n                    <div class=\"entry-thumbnail\">\r\n                                                            <a href=\"https:\/\/kirbysoutheastasia.com\/vi\/kirby-indonesia-office-celebrating-iftar-with-locals\/\" title=\"V\u0103n ph\u00f2ng Kirby Indonesia t\u1ed5 ch\u1ee9c l\u1ec5 Iftar v\u1edbi ng\u01b0\u1eddi d\u00e2n \u0111\u1ecba ph\u01b0\u01a1ng\" class=\"post-img\">\r\n                                                                        <img width=\"496\" height=\"279\" src=\"https:\/\/kirbysoutheastasia.com\/wp-content\/uploads\/2021\/03\/Picture1.png\" class=\"attachment-full size-full wp-post-image\" alt=\"\" decoding=\"async\" loading=\"lazy\" srcset=\"https:\/\/kirbysoutheastasia.com\/wp-content\/uploads\/2021\/03\/Picture1.png 496w, https:\/\/kirbysoutheastasia.com\/wp-content\/uploads\/2021\/03\/Picture1-300x169.png 300w, https:\/\/kirbysoutheastasia.com\/wp-content\/uploads\/2021\/03\/Picture1-16x9.png 16w\" sizes=\"(max-width: 496px) 100vw, 496px\" \/>\r\n\r\n                                                                <\/a>\r\n                                                <\/div>\r\n                <\/div>\r\n            <\/div>\r\n\r\n        \r\n    \r\n    <div class=\"posts-content-container\"><div class=\"entry-header\">\r\n\t\t\t\t\t\t\t\t\t<h2 class=\"entry-title\"><a href=\"https:\/\/kirbysoutheastasia.com\/vi\/kirby-indonesia-office-celebrating-iftar-with-locals\/\" rel=\"bookmark\" title=\"V\u0103n ph\u00f2ng Kirby Indonesia t\u1ed5 ch\u1ee9c l\u1ec5 Iftar v\u1edbi ng\u01b0\u1eddi d\u00e2n \u0111\u1ecba ph\u01b0\u01a1ng\">V\u0103n ph\u00f2ng Kirby Indonesia t\u1ed5 ch\u1ee9c l\u1ec5 Iftar v\u1edbi ng\u01b0\u1eddi d\u00e2n \u0111\u1ecba ph\u01b0\u01a1ng<\/a><\/h2>\r\n\t\t\t\t\t\t\t\t<\/div><div class=\"entry-summary clearfix\"><p>Nh\u00e2n d\u1ecbp vui c\u1ee7a th\u00e1ng l\u1ec5 Ramadan \u1edf Indonesia, nh\u00f3m \u0111\u1ecba ph\u01b0\u01a1ng c\u1ee7a ch\u00fang t\u00f4i do Gaurav Awasthi v\u00e0 c\u00e1c \u0111\u1ed3ng nghi\u1ec7p \u0111\u1ee9ng \u0111\u1ea7u \u0111\u00e3 c\u00f3 m\u1ed9t h\u00e0nh \u0111\u1ed9ng thi\u1ec7n ch\u00ed l\u00e0 ph\u00e2n ph\u00e1t 200 su\u1ea5t \u0103n iftar cho ng\u01b0\u1eddi d\u00e2n \u0111\u1ecba ph\u01b0\u01a1ng trong th\u1eddi k\u1ef3 Covid kh\u00f3 kh\u0103n<\/p><\/div><div class=\"entry-meta-wrapper\"><div class=\"read-more\"><a href=\"https:\/\/kirbysoutheastasia.com\/vi\/kirby-indonesia-office-celebrating-iftar-with-locals\/\" class=\"btn-more read-more-link\">Read more<\/a><\/div><div class=\"entry-meta\"><div class=\"comments-link\"><i class=\"simple-icon icon-bubbles\"><\/i><a href=\"https:\/\/kirbysoutheastasia.com\/vi\/kirby-indonesia-office-celebrating-iftar-with-locals\/#respond\"><span class=\"leave-reply\">0<\/span><\/a><\/div><\/div><\/div><\/div><\/div><\/article><\/div><\/div><\/div><\/div><\/div><\/div><\/section>","protected":false},"excerpt":{"rendered":"On the happy occasion of holy month of Ramadan in Indonesia, our local team headed by Gaurav Awasthi &amp; colleagues took up a good will gesture of distributing 200 iftar...","protected":false},"author":1,"featured_media":0,"parent":0,"menu_order":0,"comment_status":"closed","ping_status":"closed","template":"","meta":[],"_links":{"self":[{"href":"https:\/\/kirbysoutheastasia.com\/vi\/wp-json\/wp\/v2\/pages\/2752"}],"collection":[{"href":"https:\/\/kirbysoutheastasia.com\/vi\/wp-json\/wp\/v2\/pages"}],"about":[{"href":"https:\/\/kirbysoutheastasia.com\/vi\/wp-json\/wp\/v2\/types\/page"}],"author":[{"embeddable":true,"href":"https:\/\/kirbysoutheastasia.com\/vi\/wp-json\/wp\/v2\/users\/1"}],"replies":[{"embeddable":true,"href":"https:\/\/kirbysoutheastasia.com\/vi\/wp-json\/wp\/v2\/comments?post=2752"}],"version-history":[{"count":0,"href":"https:\/\/kirbysoutheastasia.com\/vi\/wp-json\/wp\/v2\/pages\/2752\/revisions"}],"wp:attachment":[{"href":"https:\/\/kirbysoutheastasia.com\/vi\/wp-json\/wp\/v2\/media?parent=2752"}],"curies":[{"name":"wp","href":"https:\/\/api.w.org\/{rel}","templated":true}]}}