{"id":2130,"date":"2021-03-12T19:48:55","date_gmt":"2021-03-12T12:48:55","guid":{"rendered":"http:\/\/kirbysoitheastasia.123websitedev.com\/?page_id=2130"},"modified":"2021-03-18T08:28:27","modified_gmt":"2021-03-18T01:28:27","slug":"case-studies","status":"publish","type":"page","link":"https:\/\/kirbysoutheastasia.com\/vi\/kirby-edge\/case-studies\/","title":{"rendered":"Nghi\u00ean c\u1ee9u \u0111i\u1ec3n h\u00ecnh"},"content":{"rendered":"<section class=\"vc_row wpb_row vc_row-fluid vc_custom_1616030900758 vc-zozo-section typo-dark\"><div class=\"zozo-vc-main-row-inner vc-normal-section\"><div class=\"container\"><div class=\"row\"><div class=\"wpb_column vc_main_column vc_column_container vc_col-sm-12 typo-default\"><div class=\"vc_column-inner\"><div class=\"wpb_wrapper\"><div class=\"zozo-blog-posts-wrapper\"><div id=\"archive-posts-container\" class=\"zozo-posts-container grid-layout grid-col-3 clearfix\"><article id=\"post-3552\" class=\"grid-posts post-3552 post type-post status-publish format-standard has-post-thumbnail hentry category-case-studies tag-kirby-dong-nam-a tag-kirbysoutheastasia tag-thep-tien-che\"><div class=\"post-inner-wrapper\">\r\n\r\n            <div class=\"post-featured-image only-image\">\r\n                <div class=\"entry-thumbnail-wrapper\">\r\n                    <div class=\"entry-thumbnail\">\r\n                                                            <a href=\"https:\/\/kirbysoutheastasia.com\/vi\/case-study-vn1025-kirby-vietnam-team-won-the-logistic-warehouse-project-in-long-an-province\/\" title=\"Case Study VN1025: Kirby Vietnam won the logistic warehouse project in Long An province\" class=\"post-img\">\r\n                                                                        <img width=\"2047\" height=\"1534\" src=\"https:\/\/kirbysoutheastasia.com\/wp-content\/uploads\/2021\/12\/b796672104c2ce9c97d3.jpg\" class=\"attachment-full size-full wp-post-image\" alt=\"\" decoding=\"async\" loading=\"lazy\" srcset=\"https:\/\/kirbysoutheastasia.com\/wp-content\/uploads\/2021\/12\/b796672104c2ce9c97d3.jpg 2047w, https:\/\/kirbysoutheastasia.com\/wp-content\/uploads\/2021\/12\/b796672104c2ce9c97d3-300x225.jpg 300w, https:\/\/kirbysoutheastasia.com\/wp-content\/uploads\/2021\/12\/b796672104c2ce9c97d3-768x576.jpg 768w, https:\/\/kirbysoutheastasia.com\/wp-content\/uploads\/2021\/12\/b796672104c2ce9c97d3-1536x1151.jpg 1536w, https:\/\/kirbysoutheastasia.com\/wp-content\/uploads\/2021\/12\/b796672104c2ce9c97d3-16x12.jpg 16w\" sizes=\"(max-width: 2047px) 100vw, 2047px\" \/>\r\n\r\n                                                                <\/a>\r\n                                                <\/div>\r\n                <\/div>\r\n            <\/div>\r\n\r\n        \r\n    \r\n    <div class=\"posts-content-container\"><div class=\"entry-header\">\r\n\t\t\t\t\t\t\t\t\t<h2 class=\"entry-title\"><a href=\"https:\/\/kirbysoutheastasia.com\/vi\/case-study-vn1025-kirby-vietnam-team-won-the-logistic-warehouse-project-in-long-an-province\/\" rel=\"bookmark\" title=\"Case Study VN1025: Kirby Vietnam won the logistic warehouse project in Long An province\">Case Study VN1025: Kirby Vietnam won the logistic warehouse project in Long An province<\/a><\/h2>\r\n\t\t\t\t\t\t\t\t<\/div><div class=\"entry-summary clearfix\"><p>Project Brief\nTotal weight: 1500 MT\nTotal Area: 37800 sq. m (approx.)\nLocation: Vietnam\nMain contractor:Newteccons\nDue to the business expansion of Cainiao Smart Logistics company- a subsidiary of Alibaba group, the owner of this project decided to build the Swan Smart Warehouse Logistics in<\/p><\/div><div class=\"entry-meta-wrapper\"><div class=\"read-more\"><a href=\"https:\/\/kirbysoutheastasia.com\/vi\/case-study-vn1025-kirby-vietnam-team-won-the-logistic-warehouse-project-in-long-an-province\/\" class=\"btn-more read-more-link\">Read more<\/a><\/div><div class=\"entry-meta\"><div class=\"comments-link\"><i class=\"simple-icon icon-bubbles\"><\/i><a href=\"https:\/\/kirbysoutheastasia.com\/vi\/case-study-vn1025-kirby-vietnam-team-won-the-logistic-warehouse-project-in-long-an-province\/#respond\"><span class=\"leave-reply\">0<\/span><\/a><\/div><\/div><\/div><\/div><\/div><\/article><article id=\"post-2660\" class=\"grid-posts post-2660 post type-post status-publish format-standard has-post-thumbnail hentry category-case-studies tag-kirby-dong-nam-a tag-kirbysoutheastasia tag-thep-tien-che\"><div class=\"post-inner-wrapper\">\r\n\r\n            <div class=\"post-featured-image only-image\">\r\n                <div class=\"entry-thumbnail-wrapper\">\r\n                    <div class=\"entry-thumbnail\">\r\n                                                            <a href=\"https:\/\/kirbysoutheastasia.com\/vi\/case-study-vn715-glass-bottling-plant-project-philippines\/\" title=\"Nghi\u00ean c\u1ee9u \u0111i\u1ec3n h\u00ecnh VN715: D\u1ef1 \u00e1n nh\u00e0 m\u00e1y \u0111\u00f3ng chai th\u1ee7y tinh - Philippines\" class=\"post-img\">\r\n                                                                        <img width=\"874\" height=\"1093\" src=\"https:\/\/kirbysoutheastasia.com\/wp-content\/uploads\/2021\/03\/Picture6.jpg\" class=\"attachment-full size-full wp-post-image\" alt=\"\" decoding=\"async\" loading=\"lazy\" srcset=\"https:\/\/kirbysoutheastasia.com\/wp-content\/uploads\/2021\/03\/Picture6.jpg 874w, https:\/\/kirbysoutheastasia.com\/wp-content\/uploads\/2021\/03\/Picture6-240x300.jpg 240w, https:\/\/kirbysoutheastasia.com\/wp-content\/uploads\/2021\/03\/Picture6-768x960.jpg 768w\" sizes=\"(max-width: 874px) 100vw, 874px\" \/>\r\n\r\n                                                                <\/a>\r\n                                                <\/div>\r\n                <\/div>\r\n            <\/div>\r\n\r\n        \r\n    \r\n    <div class=\"posts-content-container\"><div class=\"entry-header\">\r\n\t\t\t\t\t\t\t\t\t<h2 class=\"entry-title\"><a href=\"https:\/\/kirbysoutheastasia.com\/vi\/case-study-vn715-glass-bottling-plant-project-philippines\/\" rel=\"bookmark\" title=\"Nghi\u00ean c\u1ee9u \u0111i\u1ec3n h\u00ecnh VN715: D\u1ef1 \u00e1n nh\u00e0 m\u00e1y \u0111\u00f3ng chai th\u1ee7y tinh - Philippines\">Nghi\u00ean c\u1ee9u \u0111i\u1ec3n h\u00ecnh VN715: D\u1ef1 \u00e1n nh\u00e0 m\u00e1y \u0111\u00f3ng chai th\u1ee7y tinh - Philippines<\/a><\/h2>\r\n\t\t\t\t\t\t\t\t<\/div><div class=\"entry-summary clearfix\"><p>Project Brief\nTotal weight: 1730 MT\nTotal Area: 17,226 sq. m (approx.)\nLocation: Philippines\nMain contractor: EEI\u00a0 CORPORATION\nPre-qualification\nThis is a very special project with different types of machineries operating at different height levels of mezzanine with heavy point and distributed load . Kirby was<\/p><\/div><div class=\"entry-meta-wrapper\"><div class=\"read-more\"><a href=\"https:\/\/kirbysoutheastasia.com\/vi\/case-study-vn715-glass-bottling-plant-project-philippines\/\" class=\"btn-more read-more-link\">Read more<\/a><\/div><div class=\"entry-meta\"><div class=\"comments-link\"><i class=\"simple-icon icon-bubbles\"><\/i><a href=\"https:\/\/kirbysoutheastasia.com\/vi\/case-study-vn715-glass-bottling-plant-project-philippines\/#respond\"><span class=\"leave-reply\">0<\/span><\/a><\/div><\/div><\/div><\/div><\/div><\/article><article id=\"post-519\" class=\"grid-posts post-519 post type-post status-publish format-standard has-post-thumbnail hentry category-case-studies tag-commercial tag-construction tag-kirby-dong-nam-a tag-kirbysoutheastsia tag-thep-tien-che\"><div class=\"post-inner-wrapper\">\r\n\r\n            <div class=\"post-featured-image only-image\">\r\n                <div class=\"entry-thumbnail-wrapper\">\r\n                    <div class=\"entry-thumbnail\">\r\n                                                            <a href=\"https:\/\/kirbysoutheastasia.com\/vi\/case-study-vn699-the-biggest-tissue-mill-in-indonesia\/\" title=\"Nghi\u00ean c\u1ee9u \u0111i\u1ec3n h\u00ecnh VN699: Nh\u00e0 m\u00e1y s\u1ea3n xu\u1ea5t m\u00f4 l\u1edbn nh\u1ea5t \u1edf Indonesia\" class=\"post-img\">\r\n                                                                        <img width=\"975\" height=\"548\" src=\"https:\/\/kirbysoutheastasia.com\/wp-content\/uploads\/2016\/02\/the-biggest-tissue-mill-in-indonesia1.jpg\" class=\"attachment-full size-full wp-post-image\" alt=\"\" decoding=\"async\" loading=\"lazy\" srcset=\"https:\/\/kirbysoutheastasia.com\/wp-content\/uploads\/2016\/02\/the-biggest-tissue-mill-in-indonesia1.jpg 975w, https:\/\/kirbysoutheastasia.com\/wp-content\/uploads\/2016\/02\/the-biggest-tissue-mill-in-indonesia1-300x169.jpg 300w, https:\/\/kirbysoutheastasia.com\/wp-content\/uploads\/2016\/02\/the-biggest-tissue-mill-in-indonesia1-768x432.jpg 768w\" sizes=\"(max-width: 975px) 100vw, 975px\" \/>\r\n\r\n                                                                <\/a>\r\n                                                <\/div>\r\n                <\/div>\r\n            <\/div>\r\n\r\n        \r\n    \r\n    <div class=\"posts-content-container\"><div class=\"entry-header\">\r\n\t\t\t\t\t\t\t\t\t<h2 class=\"entry-title\"><a href=\"https:\/\/kirbysoutheastasia.com\/vi\/case-study-vn699-the-biggest-tissue-mill-in-indonesia\/\" rel=\"bookmark\" title=\"Nghi\u00ean c\u1ee9u \u0111i\u1ec3n h\u00ecnh VN699: Nh\u00e0 m\u00e1y s\u1ea3n xu\u1ea5t m\u00f4 l\u1edbn nh\u1ea5t \u1edf Indonesia\">Nghi\u00ean c\u1ee9u \u0111i\u1ec3n h\u00ecnh VN699: Nh\u00e0 m\u00e1y s\u1ea3n xu\u1ea5t m\u00f4 l\u1edbn nh\u1ea5t \u1edf Indonesia<\/a><\/h2>\r\n\t\t\t\t\t\t\t\t<\/div><div class=\"entry-summary clearfix\"><p>T\u00f3m t\u1eaft d\u1ef1 \u00e1n Sau m\u1ed9t cu\u1ed9c c\u1ea1nh tranh gay g\u1eaft, Kirby SEA \u0111\u00e3 \u0111\u01b0\u1ee3c ch\u1ecdn tr\u1edf th\u00e0nh nh\u00e0 cung c\u1ea5p cho Nh\u00e0 m\u00e1y Gi\u1ea5y l\u1edbn nh\u1ea5t \u1edf Indonesia do \u0111\u1ed9i ng\u0169 Thi\u1ebft k\u1ebf v\u00e0 B\u00e1n h\u00e0ng chuy\u00ean t\u00e2m th\u1ef1c hi\u1ec7n. C\u00e1c chi ti\u1ebft chung c\u1ee7a d\u1ef1 \u00e1n nh\u01b0 sau:<\/p><\/div><div class=\"entry-meta-wrapper\"><div class=\"read-more\"><a href=\"https:\/\/kirbysoutheastasia.com\/vi\/case-study-vn699-the-biggest-tissue-mill-in-indonesia\/\" class=\"btn-more read-more-link\">Read more<\/a><\/div><div class=\"entry-meta\"><div class=\"comments-link\"><i class=\"simple-icon icon-bubbles\"><\/i><a href=\"https:\/\/kirbysoutheastasia.com\/vi\/case-study-vn699-the-biggest-tissue-mill-in-indonesia\/#respond\"><span class=\"leave-reply\">0<\/span><\/a><\/div><\/div><\/div><\/div><\/div><\/article><article id=\"post-127\" class=\"grid-posts post-127 post type-post status-publish format-standard has-post-thumbnail hentry category-case-studies tag-building tag-commercial tag-construction tag-kirby-dong-nam-a tag-kirbysoutheastasia tag-thep-tien-che\"><div class=\"post-inner-wrapper\">\r\n\r\n            <div class=\"post-featured-image only-image\">\r\n                <div class=\"entry-thumbnail-wrapper\">\r\n                    <div class=\"entry-thumbnail\">\r\n                                                            <a href=\"https:\/\/kirbysoutheastasia.com\/vi\/case-study-vn541-mega-project-executed-by-kirby-sea\/\" title=\"Nghi\u00ean c\u1ee9u \u0111i\u1ec3n h\u00ecnh VN541: D\u1ef1 \u00e1n Mega do Kirby SEA th\u1ef1c hi\u1ec7n\" class=\"post-img\">\r\n                                                                        <img width=\"1228\" height=\"983\" src=\"https:\/\/kirbysoutheastasia.com\/wp-content\/uploads\/2016\/02\/mega-project-executed-by-kirby-sea.jpg\" class=\"attachment-full size-full wp-post-image\" alt=\"\" decoding=\"async\" loading=\"lazy\" srcset=\"https:\/\/kirbysoutheastasia.com\/wp-content\/uploads\/2016\/02\/mega-project-executed-by-kirby-sea.jpg 1228w, https:\/\/kirbysoutheastasia.com\/wp-content\/uploads\/2016\/02\/mega-project-executed-by-kirby-sea-300x240.jpg 300w, https:\/\/kirbysoutheastasia.com\/wp-content\/uploads\/2016\/02\/mega-project-executed-by-kirby-sea-768x615.jpg 768w\" sizes=\"(max-width: 1228px) 100vw, 1228px\" \/>\r\n\r\n                                                                <\/a>\r\n                                                <\/div>\r\n                <\/div>\r\n            <\/div>\r\n\r\n        \r\n    \r\n    <div class=\"posts-content-container\"><div class=\"entry-header\">\r\n\t\t\t\t\t\t\t\t\t<h2 class=\"entry-title\"><a href=\"https:\/\/kirbysoutheastasia.com\/vi\/case-study-vn541-mega-project-executed-by-kirby-sea\/\" rel=\"bookmark\" title=\"Nghi\u00ean c\u1ee9u \u0111i\u1ec3n h\u00ecnh VN541: D\u1ef1 \u00e1n Mega do Kirby SEA th\u1ef1c hi\u1ec7n\">Nghi\u00ean c\u1ee9u \u0111i\u1ec3n h\u00ecnh VN541: D\u1ef1 \u00e1n Mega do Kirby SEA th\u1ef1c hi\u1ec7n<\/a><\/h2>\r\n\t\t\t\t\t\t\t\t<\/div><div class=\"entry-summary clearfix\"><p>Project Brief\nIn order to meet the demands of Consumer Electronics and PC Peripheral business, Leading Electronics Manufacturing Company from Taiwan has\u00a0 decided to expand their production facilities in FPIP, Batangas, Philippines. The entire manufacturing facility was built in approx. area<\/p><\/div><div class=\"entry-meta-wrapper\"><div class=\"read-more\"><a href=\"https:\/\/kirbysoutheastasia.com\/vi\/case-study-vn541-mega-project-executed-by-kirby-sea\/\" class=\"btn-more read-more-link\">Read more<\/a><\/div><div class=\"entry-meta\"><div class=\"comments-link\"><i class=\"simple-icon icon-bubbles\"><\/i><a href=\"https:\/\/kirbysoutheastasia.com\/vi\/case-study-vn541-mega-project-executed-by-kirby-sea\/#respond\"><span class=\"leave-reply\">0<\/span><\/a><\/div><\/div><\/div><\/div><\/div><\/article><article id=\"post-131\" class=\"grid-posts post-131 post type-post status-publish format-standard has-post-thumbnail hentry category-case-studies tag-building tag-client tag-construction tag-kirby-dong-nam-a tag-kirbysoutheastasia tag-thep-tien-che\"><div class=\"post-inner-wrapper\">\r\n\r\n            <div class=\"post-featured-image only-image\">\r\n                <div class=\"entry-thumbnail-wrapper\">\r\n                    <div class=\"entry-thumbnail\">\r\n                                                            <a href=\"https:\/\/kirbysoutheastasia.com\/vi\/tkm-9-story-building-singapore-office\/\" title=\"Nghi\u00ean c\u1ee9u \u0111i\u1ec3n h\u00ecnh VN00454: T\u00f2a nh\u00e0 TKM 9 Story (V\u0103n ph\u00f2ng Singapore)\" class=\"post-img\">\r\n                                                                        <img width=\"1313\" height=\"738\" src=\"https:\/\/kirbysoutheastasia.com\/wp-content\/uploads\/2016\/02\/tkm-9-story-building-singapore-office.jpg\" class=\"attachment-full size-full wp-post-image\" alt=\"\" decoding=\"async\" loading=\"lazy\" srcset=\"https:\/\/kirbysoutheastasia.com\/wp-content\/uploads\/2016\/02\/tkm-9-story-building-singapore-office.jpg 1313w, https:\/\/kirbysoutheastasia.com\/wp-content\/uploads\/2016\/02\/tkm-9-story-building-singapore-office-300x169.jpg 300w, https:\/\/kirbysoutheastasia.com\/wp-content\/uploads\/2016\/02\/tkm-9-story-building-singapore-office-768x432.jpg 768w\" sizes=\"(max-width: 1313px) 100vw, 1313px\" \/>\r\n\r\n                                                                <\/a>\r\n                                                <\/div>\r\n                <\/div>\r\n            <\/div>\r\n\r\n        \r\n    \r\n    <div class=\"posts-content-container\"><div class=\"entry-header\">\r\n\t\t\t\t\t\t\t\t\t<h2 class=\"entry-title\"><a href=\"https:\/\/kirbysoutheastasia.com\/vi\/tkm-9-story-building-singapore-office\/\" rel=\"bookmark\" title=\"Nghi\u00ean c\u1ee9u \u0111i\u1ec3n h\u00ecnh VN00454: T\u00f2a nh\u00e0 TKM 9 Story (V\u0103n ph\u00f2ng Singapore)\">Nghi\u00ean c\u1ee9u \u0111i\u1ec3n h\u00ecnh VN00454: T\u00f2a nh\u00e0 TKM 9 Story (V\u0103n ph\u00f2ng Singapore)<\/a><\/h2>\r\n\t\t\t\t\t\t\t\t<\/div><div class=\"entry-summary clearfix\"><p>Project Brief\nCustomer: TKM Engineering Co.,\nLocation: Singapore\nTotal weight: 1858 MT\nCompletion of supply\nDesign, Fabrication and Erection were all challenging and completed in record time well ahead of customers\u2019 expected schedule.\nAward of project\nThe award of project was done through tendering process. Kirby SEA<\/p><\/div><div class=\"entry-meta-wrapper\"><div class=\"read-more\"><a href=\"https:\/\/kirbysoutheastasia.com\/vi\/tkm-9-story-building-singapore-office\/\" class=\"btn-more read-more-link\">Read more<\/a><\/div><div class=\"entry-meta\"><div class=\"comments-link\"><i class=\"simple-icon icon-bubbles\"><\/i><a href=\"https:\/\/kirbysoutheastasia.com\/vi\/tkm-9-story-building-singapore-office\/#respond\"><span class=\"leave-reply\">0<\/span><\/a><\/div><\/div><\/div><\/div><\/div><\/article><article id=\"post-559\" class=\"grid-posts post-559 post type-post status-publish format-standard has-post-thumbnail hentry category-case-studies tag-kirby-dong-nam-a tag-kirbysoutheastasia tag-thep-tien-che\"><div class=\"post-inner-wrapper\">\r\n\r\n            <div class=\"post-featured-image only-image\">\r\n                <div class=\"entry-thumbnail-wrapper\">\r\n                    <div class=\"entry-thumbnail\">\r\n                                                            <a href=\"https:\/\/kirbysoutheastasia.com\/vi\/case-study-vn707-leading-steel-mill-the-flag-ship-project-in-vietnam\/\" title=\"Nghi\u00ean c\u1ee9u \u0111i\u1ec3n h\u00ecnh VN707: D\u1ef1 \u00e1n Nh\u00e0 m\u00e1y Th\u00e9p - Con t\u00e0u L\u00e1 c\u1edd \u0111\u1ea7u t\u1ea1i Vi\u1ec7t Nam\" class=\"post-img\">\r\n                                                                        <img width=\"725\" height=\"544\" src=\"https:\/\/kirbysoutheastasia.com\/wp-content\/uploads\/2016\/01\/Picture4.jpg\" class=\"attachment-full size-full wp-post-image\" alt=\"\" decoding=\"async\" loading=\"lazy\" srcset=\"https:\/\/kirbysoutheastasia.com\/wp-content\/uploads\/2016\/01\/Picture4.jpg 725w, https:\/\/kirbysoutheastasia.com\/wp-content\/uploads\/2016\/01\/Picture4-300x225.jpg 300w\" sizes=\"(max-width: 725px) 100vw, 725px\" \/>\r\n\r\n                                                                <\/a>\r\n                                                <\/div>\r\n                <\/div>\r\n            <\/div>\r\n\r\n        \r\n    \r\n    <div class=\"posts-content-container\"><div class=\"entry-header\">\r\n\t\t\t\t\t\t\t\t\t<h2 class=\"entry-title\"><a href=\"https:\/\/kirbysoutheastasia.com\/vi\/case-study-vn707-leading-steel-mill-the-flag-ship-project-in-vietnam\/\" rel=\"bookmark\" title=\"Nghi\u00ean c\u1ee9u \u0111i\u1ec3n h\u00ecnh VN707: D\u1ef1 \u00e1n Nh\u00e0 m\u00e1y Th\u00e9p - Con t\u00e0u L\u00e1 c\u1edd \u0111\u1ea7u t\u1ea1i Vi\u1ec7t Nam\">Nghi\u00ean c\u1ee9u \u0111i\u1ec3n h\u00ecnh VN707: D\u1ef1 \u00e1n Nh\u00e0 m\u00e1y Th\u00e9p - Con t\u00e0u L\u00e1 c\u1edd \u0111\u1ea7u t\u1ea1i Vi\u1ec7t Nam<\/a><\/h2>\r\n\t\t\t\t\t\t\t\t<\/div><div class=\"entry-summary clearfix\"><p>Project Brief\nTotal weight: 2577 MT\nTotal Area: 22098 m2\nLocation: Vietnam\nPre-qualification\nWith its advantages over other competitors in optimal and cost effective design, durability and flexibility in expansion and ease in maintenance, Kirby Vietnam has\u00a0 successfully convinced customer to be their preferred designer,<\/p><\/div><div class=\"entry-meta-wrapper\"><div class=\"read-more\"><a href=\"https:\/\/kirbysoutheastasia.com\/vi\/case-study-vn707-leading-steel-mill-the-flag-ship-project-in-vietnam\/\" class=\"btn-more read-more-link\">Read more<\/a><\/div><div class=\"entry-meta\"><div class=\"comments-link\"><i class=\"simple-icon icon-bubbles\"><\/i><a href=\"https:\/\/kirbysoutheastasia.com\/vi\/case-study-vn707-leading-steel-mill-the-flag-ship-project-in-vietnam\/#respond\"><span class=\"leave-reply\">0<\/span><\/a><\/div><\/div><\/div><\/div><\/div><\/article><\/div><\/div><\/div><\/div><\/div><\/div><\/div><\/div><\/section>","protected":false},"excerpt":{"rendered":"Project Brief Total weight: 2577 MT Total Area: 22098 m2 Location: Vietnam Pre-qualification With its advantages over other competitors in optimal and cost effective design, durability and flexibility in expansion...","protected":false},"author":1,"featured_media":0,"parent":2094,"menu_order":0,"comment_status":"closed","ping_status":"closed","template":"template-fullwidth.php","meta":[],"_links":{"self":[{"href":"https:\/\/kirbysoutheastasia.com\/vi\/wp-json\/wp\/v2\/pages\/2130"}],"collection":[{"href":"https:\/\/kirbysoutheastasia.com\/vi\/wp-json\/wp\/v2\/pages"}],"about":[{"href":"https:\/\/kirbysoutheastasia.com\/vi\/wp-json\/wp\/v2\/types\/page"}],"author":[{"embeddable":true,"href":"https:\/\/kirbysoutheastasia.com\/vi\/wp-json\/wp\/v2\/users\/1"}],"replies":[{"embeddable":true,"href":"https:\/\/kirbysoutheastasia.com\/vi\/wp-json\/wp\/v2\/comments?post=2130"}],"version-history":[{"count":0,"href":"https:\/\/kirbysoutheastasia.com\/vi\/wp-json\/wp\/v2\/pages\/2130\/revisions"}],"up":[{"embeddable":true,"href":"https:\/\/kirbysoutheastasia.com\/vi\/wp-json\/wp\/v2\/pages\/2094"}],"wp:attachment":[{"href":"https:\/\/kirbysoutheastasia.com\/vi\/wp-json\/wp\/v2\/media?parent=2130"}],"curies":[{"name":"wp","href":"https:\/\/api.w.org\/{rel}","templated":true}]}}