{"id":2124,"date":"2021-03-12T19:33:25","date_gmt":"2021-03-12T12:33:25","guid":{"rendered":"http:\/\/kirbysoitheastasia.123websitedev.com\/?page_id=2124"},"modified":"2021-03-17T08:55:02","modified_gmt":"2021-03-17T01:55:02","slug":"client-testimonials","status":"publish","type":"page","link":"https:\/\/kirbysoutheastasia.com\/vi\/kirby-edge\/client-testimonials\/","title":{"rendered":"L\u1eddi ch\u1ee9ng th\u1ef1c"},"content":{"rendered":"<section class=\"vc_row wpb_row vc_row-fluid vc_custom_1615946096384 vc-zozo-section typo-dark\"><div class=\"zozo-vc-main-row-inner vc-normal-section\"><div class=\"container\"><div class=\"row\"><div class=\"wpb_column vc_main_column vc_column_container vc_col-sm-12 typo-default\"><div class=\"vc_column-inner\"><div class=\"wpb_wrapper\"><div class=\"zozo-parallax-header wpb_animate_when_almost_visible wpb_bottom-to-top\"><div class=\"parallax-header content-style-default\"><h4 class=\"parallax-title text-center\">S\u1ef1 ch\u1ee9ng th\u1ef1c<\/h4><\/div><\/div><div class=\"zozo-testimonial-slider-wrapper wpb_animate_when_almost_visible wpb_bottom-to-top\"><div id=\"zozo-testimonial-slider1\" class=\"zozo-owl-carousel owl-carousel testimonial-carousel-slider\" data-items=\"3\"  data-slideby=\"1\"  data-items-tablet=\"2\"  data-items-mobile-landscape=\"1\"  data-items-mobile-portrait=\"1\"  data-autoplay=\"true\"  data-autoplay-timeout=\"5000\"  data-loop=\"false\"  data-margin=\"30\"  data-pagination=\"true\"  data-navigation=\"false\" ><div class=\"testimonial-item tstyle-border\"><div class=\"testimonial-content\"><blockquote><p>Kirby SEA \u0111\u00e3 th\u1ef1c hi\u1ec7n t\u1ea5t c\u1ea3 c\u00e1c c\u00f4ng vi\u1ec7c m\u1ed9t c\u00e1ch chuy\u00ean nghi\u1ec7p v\u00e0 c\u00f3 th\u1ec3 ...<\/p><\/blockquote><div class=\"testimonial-rating\"><div class=\"rateit\" data-rateit-value=\"5\" data-rateit-ispreset=\"true\" data-rateit-readonly=\"true\"><\/div><\/div><\/div><div class=\"author-info-box\"><div class=\"testimonial-img\"><img src=\"https:\/\/kirbysoutheastasia.com\/wp-content\/uploads\/2016\/01\/usser6-85x85.png\" width=\"85\" height=\"85\" alt=\"Nguy\u1ec5n V\u0103n T\u00e0i\" class=\"img-responsive\" \/><\/div><div class=\"author-details\"><p><span class=\"testimonial-author-name\"><a href=\"https:\/\/kirbysoutheastasia.com\/vi\/testimonial\/nguyen-van-tai\/\" title=\"Nguy\u1ec5n V\u0103n T\u00e0i\">Nguy\u1ec5n V\u0103n T\u00e0i<\/a><\/span><\/p><p class=\"author-designation-info\"><span class=\"testimonial-author-designation\">Gi\u00e1m \u0111\u1ed1c k\u1ef9 thu\u1eadt<\/span><\/p><\/div><\/div><\/div><div class=\"testimonial-item tstyle-border\"><div class=\"testimonial-content\"><blockquote><p>Ch\u00fang t\u00f4i r\u1ea5t vui khi \u0111\u01b0\u1ee3c truy\u1ec1n t\u1ea3i s\u1ef1 tr\u00e2n tr\u1ecdng t\u1eeb tr\u00e1i tim \u0111\u1ebfn \u0111\u1ed9i Kirby SEA trong ...<\/p><\/blockquote><div class=\"testimonial-rating\"><div class=\"rateit\" data-rateit-value=\"5\" data-rateit-ispreset=\"true\" data-rateit-readonly=\"true\"><\/div><\/div><\/div><div class=\"author-info-box\"><div class=\"testimonial-img\"><img src=\"https:\/\/kirbysoutheastasia.com\/wp-content\/uploads\/2016\/01\/usser5-85x85.png\" width=\"85\" height=\"85\" alt=\"L\u00ea Quang H\u1ed3ng\" class=\"img-responsive\" \/><\/div><div class=\"author-details\"><p><span class=\"testimonial-author-name\"><a href=\"https:\/\/kirbysoutheastasia.com\/vi\/testimonial\/le-quang-hong\/\" title=\"L\u00ea Quang H\u1ed3ng\">L\u00ea Quang H\u1ed3ng<\/a><\/span><\/p><p class=\"author-designation-info\"><span class=\"testimonial-author-designation\">Qu\u1ea3n l\u00fd x\u00e2y d\u1ef1ng<\/span><\/p><\/div><\/div><\/div><div class=\"testimonial-item tstyle-border\"><div class=\"testimonial-content\"><blockquote><p>Ch\u1ea5t l\u01b0\u1ee3ng c\u1ee7a v\u1eadt li\u1ec7u ch\u1ebf t\u1ea1o \u0111\u01b0\u1ee3c cung c\u1ea5p l\u00e0 t\u1ed1t nh\u1ea5t m\u00e0 ch\u00fang t\u00f4i \u0111\u00e3 th\u1ea5y t\u1eeb ...<\/p><\/blockquote><div class=\"testimonial-rating\"><div class=\"rateit\" data-rateit-value=\"5\" data-rateit-ispreset=\"true\" data-rateit-readonly=\"true\"><\/div><\/div><\/div><div class=\"author-info-box\"><div class=\"testimonial-img\"><img src=\"https:\/\/kirbysoutheastasia.com\/wp-content\/uploads\/2016\/01\/usser4-85x85.png\" width=\"85\" height=\"85\" alt=\"Nguy\u1ec5n Minh To\u00e0n\" class=\"img-responsive\" \/><\/div><div class=\"author-details\"><p><span class=\"testimonial-author-name\"><a href=\"https:\/\/kirbysoutheastasia.com\/vi\/testimonial\/nguyen-minh-toan\/\" title=\"Nguy\u1ec5n Minh To\u00e0n\">Nguy\u1ec5n Minh To\u00e0n<\/a><\/span><\/p><p class=\"author-designation-info\"><span class=\"testimonial-author-designation\">Gi\u00e1m \u0111\u1ed1c k\u1ef9 thu\u1eadt<\/span><\/p><\/div><\/div><\/div><div class=\"testimonial-item tstyle-border\"><div class=\"testimonial-content\"><blockquote><p>Ch\u00fang t\u00f4i ghi nh\u1eadn nh\u1eefng n\u1ed7 l\u1ef1c ch\u00e2n th\u00e0nh c\u1ee7a Kirby SEA \u0111\u1ec3 ho\u00e0n th\u00e0nh d\u1ef1 \u00e1n th\u00e0nh c\u00f4ng v\u1edbi ...<\/p><\/blockquote><div class=\"testimonial-rating\"><div class=\"rateit\" data-rateit-value=\"4\" data-rateit-ispreset=\"true\" data-rateit-readonly=\"true\"><\/div><\/div><\/div><div class=\"author-info-box\"><div class=\"testimonial-img\"><img src=\"https:\/\/kirbysoutheastasia.com\/wp-content\/uploads\/2016\/01\/usser1-85x85.png\" width=\"85\" height=\"85\" alt=\"Nguy\u1ec5n V\u0103n An\" class=\"img-responsive\" \/><\/div><div class=\"author-details\"><p><span class=\"testimonial-author-name\"><a href=\"https:\/\/kirbysoutheastasia.com\/vi\/testimonial\/nguyen-van-an\/\" title=\"Nguy\u1ec5n V\u0103n An\">Nguy\u1ec5n V\u0103n An<\/a><\/span><\/p><p class=\"author-designation-info\"><span class=\"testimonial-author-designation\">Ng\u01b0\u1eddi qu\u1ea3n l\u00fd chi ph\u00ed v\u00e0 h\u1ee3p \u0111\u1ed3ng<\/span><\/p><\/div><\/div><\/div><div class=\"testimonial-item tstyle-border\"><div class=\"testimonial-content\"><blockquote><p>T\u1ea5t c\u1ea3 c\u00e1c th\u00e0nh vi\u00ean trong nh\u00f3m \u0111\u00e3 l\u00e0m vi\u1ec7c r\u1ea5t ch\u0103m ch\u1ec9 cho c\u00f4ng vi\u1ec7c hi\u1ec7n tr\u01b0\u1eddng d\u01b0\u1edbi s\u1ef1 l\u00e3nh \u0111\u1ea1o c\u1ee7a ...<\/p><\/blockquote><div class=\"testimonial-rating\"><div class=\"rateit\" data-rateit-value=\"5\" data-rateit-ispreset=\"true\" data-rateit-readonly=\"true\"><\/div><\/div><\/div><div class=\"author-info-box\"><div class=\"testimonial-img\"><img src=\"https:\/\/kirbysoutheastasia.com\/wp-content\/uploads\/2016\/01\/usser2-85x85.png\" width=\"85\" height=\"85\" alt=\"Mohan Raj\" class=\"img-responsive\" \/><\/div><div class=\"author-details\"><p><span class=\"testimonial-author-name\"><a href=\"https:\/\/kirbysoutheastasia.com\/vi\/testimonial\/mohan-raj\/\" title=\"Mohan Raj\">Mohan Raj<\/a><\/span><\/p><p class=\"author-designation-info\"><span class=\"testimonial-author-designation\">Qu\u1ea3n l\u00fd d\u1ef1 \u00e1n<\/span><\/p><\/div><\/div><\/div><div class=\"testimonial-item tstyle-border\"><div class=\"testimonial-content\"><blockquote><p>\u0110\u1ed9i Kirby SEA \u0111ang c\u00f3 k\u1ef9 thu\u1eadt t\u1ed1t c\u1ee7a h\u1ec7 th\u1ed1ng PEB v\u00e0 \u0111i\u1ec1u \u0111\u00f3 \u0111\u00e3 g\u00f3p ph\u1ea7n r\u1ea5t l\u1edbn ...<\/p><\/blockquote><div class=\"testimonial-rating\"><div class=\"rateit\" data-rateit-value=\"5\" data-rateit-ispreset=\"true\" data-rateit-readonly=\"true\"><\/div><\/div><\/div><div class=\"author-info-box\"><div class=\"testimonial-img\"><img src=\"https:\/\/kirbysoutheastasia.com\/wp-content\/uploads\/2016\/01\/usser3-85x85.png\" width=\"85\" height=\"85\" alt=\"Tr\u1ea7n V\u0103n Tu\u1ea5n\" class=\"img-responsive\" \/><\/div><div class=\"author-details\"><p><span class=\"testimonial-author-name\"><a href=\"https:\/\/kirbysoutheastasia.com\/vi\/testimonial\/tran-van-tuan\/\" title=\"Tr\u1ea7n V\u0103n Tu\u1ea5n\">Tr\u1ea7n V\u0103n Tu\u1ea5n<\/a><\/span><\/p><p class=\"author-designation-info\"><span class=\"testimonial-author-designation\">Gi\u00e1m \u0111\u1ed1c kh\u1ea3o s\u00e1t s\u1ed1 l\u01b0\u1ee3ng<\/span><\/p><\/div><\/div><\/div><\/div><\/div><\/div><\/div><\/div><\/div><\/div><\/div><\/section>\t\r\n\r\n\r\n\t<section class=\"vc_row wpb_row vc_row-fluid vc_custom_1454735979845 vc_row-has-fill vc-zozo-section typo-dark\"><div class=\"zozo-vc-main-row-inner vc-normal-section\"><div class=\"container\"><div class=\"row\"><div class=\"wpb_column vc_main_column vc_column_container vc_col-sm-12 typo-default\"><div class=\"vc_column-inner\"><div class=\"wpb_wrapper\"><div class=\"zozo-client-slider-wrapper wpb_animate_when_almost_visible wpb_bottom-to-top style-default\"><div id=\"zozo-client-slider-1\" class=\"zozo-owl-carousel zozo-client-slider owl-carousel\" data-items=\"6\"  data-slideby=\"1\"  data-items-tablet=\"4\"  data-items-mobile-landscape=\"3\"  data-items-mobile-portrait=\"2\"  data-autoplay=\"true\"  data-autoplay-timeout=\"5000\"  data-loop=\"true\"  data-pagination=\"false\"  data-navigation=\"false\" ><div class=\"client-item\"><a href=\"#\" target=\"_self\"><\/a><\/div><div class=\"client-item\"><a href=\"#\" target=\"_self\"><\/a><\/div><div class=\"client-item\"><a href=\"#\" target=\"_self\"><\/a><\/div><div class=\"client-item\"><a href=\"#\" target=\"_self\"><\/a><\/div><div class=\"client-item\"><a href=\"#\" target=\"_self\"><\/a><\/div><div class=\"client-item\"><a href=\"#\" target=\"_self\"><\/a><\/div><div class=\"client-item\"><a href=\"#\" target=\"_self\"><\/a><\/div><\/div><\/div><\/div><\/div><\/div><\/div><\/div><\/div><\/section>","protected":false},"excerpt":{"rendered":"Kirby SEA team is having sound technical of PEB system and that has contributed greatly on overall successful completion of the project. We wish Kirby team all the best in...","protected":false},"author":1,"featured_media":0,"parent":2094,"menu_order":0,"comment_status":"closed","ping_status":"closed","template":"template-fullwidth.php","meta":[],"_links":{"self":[{"href":"https:\/\/kirbysoutheastasia.com\/vi\/wp-json\/wp\/v2\/pages\/2124"}],"collection":[{"href":"https:\/\/kirbysoutheastasia.com\/vi\/wp-json\/wp\/v2\/pages"}],"about":[{"href":"https:\/\/kirbysoutheastasia.com\/vi\/wp-json\/wp\/v2\/types\/page"}],"author":[{"embeddable":true,"href":"https:\/\/kirbysoutheastasia.com\/vi\/wp-json\/wp\/v2\/users\/1"}],"replies":[{"embeddable":true,"href":"https:\/\/kirbysoutheastasia.com\/vi\/wp-json\/wp\/v2\/comments?post=2124"}],"version-history":[{"count":0,"href":"https:\/\/kirbysoutheastasia.com\/vi\/wp-json\/wp\/v2\/pages\/2124\/revisions"}],"up":[{"embeddable":true,"href":"https:\/\/kirbysoutheastasia.com\/vi\/wp-json\/wp\/v2\/pages\/2094"}],"wp:attachment":[{"href":"https:\/\/kirbysoutheastasia.com\/vi\/wp-json\/wp\/v2\/media?parent=2124"}],"curies":[{"name":"wp","href":"https:\/\/api.w.org\/{rel}","templated":true}]}}