{"id":2121,"date":"2021-03-12T19:29:02","date_gmt":"2021-03-12T12:29:02","guid":{"rendered":"http:\/\/kirbysoitheastasia.123websitedev.com\/?page_id=2121"},"modified":"2021-03-17T14:35:46","modified_gmt":"2021-03-17T07:35:46","slug":"centre-of-engineering-excellence","status":"publish","type":"page","link":"https:\/\/kirbysoutheastasia.com\/vi\/kirby-edge\/centre-of-engineering-excellence\/","title":{"rendered":"Trung t\u00e2m K\u1ef9 thu\u1eadt"},"content":{"rendered":"<section class=\"vc_row wpb_row vc_row-fluid vc_custom_1454324652920 vc-zozo-section typo-dark\"><div class=\"zozo-vc-main-row-inner vc-normal-section\"><div class=\"wpb_column vc_main_column vc_column_container vc_col-sm-12 typo-default\"><div class=\"vc_column-inner\"><div class=\"wpb_wrapper\"><h4 style=\"color: #f37125;text-align: left\" class=\"vc_custom_heading\" >Trung t\u00e2m K\u1ef9 thu\u1eadt<\/h4>\n\t<div class=\"wpb_text_column wpb_content_element  vc_custom_1615966479283\" >\n\t\t<div class=\"wpb_wrapper\">\n\t\t\t<p>Kirby t\u1eadp trung th\u00e0nh c\u00f4ng h\u1ec7 th\u1ed1ng, hi\u1ec7u su\u1ea5t, con ng\u01b0\u1eddi v\u00e0 s\u1ea3n ph\u1ea9m c\u1ee7a m\u00ecnh theo c\u00e1ch th\u00fac \u0111\u1ea9y s\u1ef1 hi\u1ec7p l\u1ef1c, v\u1edbi m\u1ee5c ti\u00eau cu\u1ed1i c\u00f9ng c\u1ee7a ch\u00fang t\u00f4i l\u00e0 l\u00e0m h\u00e0i l\u00f2ng kh\u00e1ch h\u00e0ng. L\u00e0 m\u1ed9t ph\u1ea7n c\u1ee7a Trung t\u00e2m K\u1ef9 thu\u1eadt Xu\u1ea5t s\u1eafc (CEE) c\u1ee7a ch\u00fang t\u00f4i, \u1edf Hyderabad, \u1ea4n \u0110\u1ed9, Kirby c\u00f3 \u0111\u1ed9i ng\u0169 thi\u1ebft k\u1ebf v\u00e0 k\u1ef9 thu\u1eadt c\u00f3 tr\u00ecnh \u0111\u1ed9 v\u00e0 kinh nghi\u1ec7m, bao g\u1ed3m h\u01a1n 500 nh\u00e2n vi\u00ean, s\u1eed d\u1ee5ng ph\u1ea7n m\u1ec1m m\u1edbi nh\u1ea5t cho c\u00e1c thi\u1ebft k\u1ebf v\u00e0 chi ti\u1ebft c\u1ea5u tr\u00fac.<\/p>\n<p>B\u1ed1n tr\u1ee5 c\u1ed9t ch\u00ednh c\u1ee7a Trung t\u00e2m ch\u00fang t\u00f4i l\u00e0: H\u1ec7 th\u1ed1ng xu\u1ea5t s\u1eafc, Hi\u1ec7u su\u1ea5t xu\u1ea5t s\u1eafc, S\u1ea3n ph\u1ea9m xu\u1ea5t s\u1eafc v\u00e0 Xu\u1ea5t s\u1eafc con ng\u01b0\u1eddi. C\u00e1c d\u1ecbch v\u1ee5 c\u1ee7a ch\u00fang t\u00f4i r\u1ea5t \u0111a d\u1ea1ng, t\u1eeb vi\u1ec7c \u0111\u1ea3m b\u1ea3o c\u00e1c th\u1ef1c h\u00e0nh \u0111\u00e3 \u0111\u01b0\u1ee3c ch\u1ee9ng minh t\u1ed1t nh\u1ea5t \u0111\u1ebfn nghi\u00ean c\u1ee9u v\u00e0 ph\u00e1t tri\u1ec3n (l\u00e0 m\u1ed9t c\u00f4ng c\u1ee5 quan tr\u1ecdng \u0111\u1ec3 gia t\u0103ng \u0111\u1ed5i m\u1edbi) v\u00e0 t\u1eeb thi\u1ebft k\u1ebf v\u00e0 ph\u00e1t tri\u1ec3n h\u1ec7 th\u1ed1ng k\u1ef9 thu\u1eadt ph\u1ea7n m\u1ec1m \u0111\u1ebfn ph\u00e1t tri\u1ec3n t\u00e0i n\u0103ng.<\/p>\n\n\t\t<\/div>\n\t<\/div>\n<\/div><\/div><\/div><\/div><\/section>\t\r\n\r\n\r\n\t<section class=\"vc_row wpb_row vc_row-fluid vc_custom_1615966540436 vc-zozo-section typo-dark\"><div class=\"zozo-vc-main-row-inner vc-normal-section\"><div class=\"wpb_column vc_main_column vc_column_container vc_col-sm-12 typo-default\"><div class=\"vc_column-inner\"><div class=\"wpb_wrapper\">\n\t<div  class=\"wpb_single_image wpb_content_element vc_align_center\">\n\t\t\n\t\t<figure class=\"wpb_wrapper vc_figure\">\n\t\t\t<div class=\"vc_single_image-wrapper   vc_box_border_grey\"><img width=\"634\" height=\"510\" src=\"https:\/\/kirbysoutheastasia.com\/wp-content\/uploads\/2021\/03\/centre_of_excellence.jpg\" class=\"vc_single_image-img attachment-full\" alt=\"\" decoding=\"async\" loading=\"lazy\" srcset=\"https:\/\/kirbysoutheastasia.com\/wp-content\/uploads\/2021\/03\/centre_of_excellence.jpg 634w, https:\/\/kirbysoutheastasia.com\/wp-content\/uploads\/2021\/03\/centre_of_excellence-300x241.jpg 300w\" sizes=\"(max-width: 634px) 100vw, 634px\" \/><\/div>\n\t\t<\/figure>\n\t<\/div>\n<\/div><\/div><\/div><\/div><\/section>","protected":false},"excerpt":{"rendered":"Centre Of Engineering Excellence Kirby successfully centralizes its systems, performance, people and products in a way that promotes synergies, with our end goal being customer delight. As part of our...","protected":false},"author":1,"featured_media":0,"parent":2094,"menu_order":0,"comment_status":"closed","ping_status":"closed","template":"","meta":[],"_links":{"self":[{"href":"https:\/\/kirbysoutheastasia.com\/vi\/wp-json\/wp\/v2\/pages\/2121"}],"collection":[{"href":"https:\/\/kirbysoutheastasia.com\/vi\/wp-json\/wp\/v2\/pages"}],"about":[{"href":"https:\/\/kirbysoutheastasia.com\/vi\/wp-json\/wp\/v2\/types\/page"}],"author":[{"embeddable":true,"href":"https:\/\/kirbysoutheastasia.com\/vi\/wp-json\/wp\/v2\/users\/1"}],"replies":[{"embeddable":true,"href":"https:\/\/kirbysoutheastasia.com\/vi\/wp-json\/wp\/v2\/comments?post=2121"}],"version-history":[{"count":0,"href":"https:\/\/kirbysoutheastasia.com\/vi\/wp-json\/wp\/v2\/pages\/2121\/revisions"}],"up":[{"embeddable":true,"href":"https:\/\/kirbysoutheastasia.com\/vi\/wp-json\/wp\/v2\/pages\/2094"}],"wp:attachment":[{"href":"https:\/\/kirbysoutheastasia.com\/vi\/wp-json\/wp\/v2\/media?parent=2121"}],"curies":[{"name":"wp","href":"https:\/\/api.w.org\/{rel}","templated":true}]}}