{"id":2115,"date":"2021-03-12T19:17:38","date_gmt":"2021-03-12T12:17:38","guid":{"rendered":"http:\/\/kirbysoitheastasia.123websitedev.com\/?page_id=2115"},"modified":"2021-03-18T08:51:09","modified_gmt":"2021-03-18T01:51:09","slug":"world-class-practices","status":"publish","type":"page","link":"https:\/\/kirbysoutheastasia.com\/vi\/kirby-edge\/world-class-practices\/","title":{"rendered":"Th\u1ef1c h\u00e0nh \u0111\u1eb3ng c\u1ea5p th\u1ebf gi\u1edbi"},"content":{"rendered":"<section class=\"vc_row wpb_row vc_row-fluid vc-zozo-section typo-dark\"><div class=\"zozo-vc-main-row-inner vc-normal-section\"><div class=\"wpb_column vc_main_column vc_column_container vc_col-sm-12 typo-default\"><div class=\"vc_column-inner\"><div class=\"wpb_wrapper\"><div class=\"zozo-content-carousel-wrapper\"><div id=\"zozo-content-carousel1\" class=\"zozo-owl-carousel owl-carousel content-carousel-slider\" data-items=\"1\"  data-slideby=\"1\"  data-items-tablet=\"1\"  data-items-mobile-landscape=\"1\"  data-items-mobile-portrait=\"1\"  data-margin=\"0\"  data-autoplay=\"true\"  data-autoplay-timeout=\"3000\"  data-loop=\"false\"  data-pagination=\"false\"  data-navigation=\"true\" ><div class=\"vc_row wpb_row vc_inner vc_row-fluid\"><div class=\"zozo-vc-row-inner vc-inner-row-section clearfix\"><div class=\"wpb_column vc_column_inner vc_column_container vc_col-sm-12 typo-default\"><div class=\"vc_column-inner\"><div class=\"wpb_wrapper\">\n\t<div  class=\"wpb_single_image wpb_content_element vc_align_center\">\n\t\t\n\t\t<figure class=\"wpb_wrapper vc_figure\">\n\t\t\t<div class=\"vc_single_image-wrapper   vc_box_border_grey\"><img width=\"1400\" height=\"600\" src=\"https:\/\/kirbysoutheastasia.com\/wp-content\/uploads\/2016\/01\/portfolio-07.jpg\" class=\"vc_single_image-img attachment-full\" alt=\"\" decoding=\"async\" loading=\"lazy\" srcset=\"https:\/\/kirbysoutheastasia.com\/wp-content\/uploads\/2016\/01\/portfolio-07.jpg 1400w, https:\/\/kirbysoutheastasia.com\/wp-content\/uploads\/2016\/01\/portfolio-07-300x129.jpg 300w, https:\/\/kirbysoutheastasia.com\/wp-content\/uploads\/2016\/01\/portfolio-07-768x329.jpg 768w, https:\/\/kirbysoutheastasia.com\/wp-content\/uploads\/2016\/01\/portfolio-07-1170x500.jpg 1170w\" sizes=\"(max-width: 1400px) 100vw, 1400px\" \/><\/div>\n\t\t<\/figure>\n\t<\/div>\n<\/div><\/div><\/div><\/div><\/div><div class=\"vc_row wpb_row vc_inner vc_row-fluid\"><div class=\"zozo-vc-row-inner vc-inner-row-section clearfix\"><div class=\"wpb_column vc_column_inner vc_column_container vc_col-sm-12 typo-default\"><div class=\"vc_column-inner\"><div class=\"wpb_wrapper\">\n\t<div  class=\"wpb_single_image wpb_content_element vc_align_center\">\n\t\t\n\t\t<figure class=\"wpb_wrapper vc_figure\">\n\t\t\t<div class=\"vc_single_image-wrapper   vc_box_border_grey\"><img width=\"1400\" height=\"600\" src=\"https:\/\/kirbysoutheastasia.com\/wp-content\/uploads\/2016\/01\/portfolio-10.jpg\" class=\"vc_single_image-img attachment-full\" alt=\"\" decoding=\"async\" loading=\"lazy\" srcset=\"https:\/\/kirbysoutheastasia.com\/wp-content\/uploads\/2016\/01\/portfolio-10.jpg 1400w, https:\/\/kirbysoutheastasia.com\/wp-content\/uploads\/2016\/01\/portfolio-10-300x129.jpg 300w, https:\/\/kirbysoutheastasia.com\/wp-content\/uploads\/2016\/01\/portfolio-10-768x329.jpg 768w, https:\/\/kirbysoutheastasia.com\/wp-content\/uploads\/2016\/01\/portfolio-10-1170x500.jpg 1170w\" sizes=\"(max-width: 1400px) 100vw, 1400px\" \/><\/div>\n\t\t<\/figure>\n\t<\/div>\n<\/div><\/div><\/div><\/div><\/div><div class=\"vc_row wpb_row vc_inner vc_row-fluid\"><div class=\"zozo-vc-row-inner vc-inner-row-section clearfix\"><div class=\"wpb_column vc_column_inner vc_column_container vc_col-sm-12 typo-default\"><div class=\"vc_column-inner\"><div class=\"wpb_wrapper\">\n\t<div  class=\"wpb_single_image wpb_content_element vc_align_center\">\n\t\t\n\t\t<figure class=\"wpb_wrapper vc_figure\">\n\t\t\t<div class=\"vc_single_image-wrapper   vc_box_border_grey\"><\/div>\n\t\t<\/figure>\n\t<\/div>\n<\/div><\/div><\/div><\/div><\/div><\/div><\/div><\/div><\/div><\/div><\/div><\/section>\t\r\n\r\n\r\n\t<section class=\"vc_row wpb_row vc_row-fluid vc_custom_1615966237235 vc-zozo-section typo-dark\"><div class=\"zozo-vc-main-row-inner vc-normal-section\"><div class=\"wpb_column vc_main_column vc_column_container vc_col-sm-12 typo-default\"><div class=\"vc_column-inner\"><div class=\"wpb_wrapper\">\n\t<div class=\"wpb_text_column wpb_content_element\" >\n\t\t<div class=\"wpb_wrapper\">\n\t\t\t<p>Kirby Building Systems, l\u00e0 c\u00f4ng ty d\u1eabn \u0111\u1ea7u th\u1ecb tr\u01b0\u1eddng v\u00e0 l\u00e0 nh\u00e0 s\u1ea3n xu\u1ea5t Nh\u00e0 th\u00e9p ti\u1ec1n ch\u1ebf (PEB) l\u1edbn nh\u1ea5t b\u00ean ngo\u00e0i Hoa K\u1ef3, n\u1ed5i ti\u1ebfng l\u00e0 c\u00f3 c\u00e1c ph\u01b0\u01a1ng th\u1ee9c kinh doanh \u0111\u1eb3ng c\u1ea5p th\u1ebf gi\u1edbi v\u00e0 c\u00e1c quy tr\u00ecnh li\u1ec1n m\u1ea1ch tr\u00ean t\u1ea5t c\u1ea3 c\u00e1c ch\u1ee9c n\u0103ng v\u00e0 ng\u00e0nh d\u1ecdc c\u1ee7a ch\u00fang t\u00f4i. H\u1ec7 th\u1ed1ng SAP ERP thi\u1ebft l\u1eadp m\u1ed9t n\u1ec1n t\u1ea3ng duy nh\u1ea5t k\u1ebft n\u1ed1i c\u00e1c ho\u1ea1t \u0111\u1ed9ng kh\u00e1c nhau c\u1ee7a Kirby. S\u1ea3n xu\u1ea5t, B\u00e1n h\u00e0ng, T\u00e0i ch\u00ednh, V\u1eadt t\u01b0, CNTT, Nh\u00e2n s\u1ef1, \u0110\u1ea3m b\u1ea3o Ch\u1ea5t l\u01b0\u1ee3ng, v.v ... B\u1ed1i c\u1ea3nh doanh nghi\u1ec7p t\u00edch h\u1ee3p n\u00e0y \u0111\u1ea3m b\u1ea3o t\u00ednh ch\u00ednh x\u00e1c c\u1ee7a vi\u1ec7c x\u1eed l\u00fd th\u00f4ng tin v\u00e0 ki\u1ec3m so\u00e1t tr\u1ef1c tuy\u1ebfn c\u00e1c ho\u1ea1t \u0111\u1ed9ng kinh doanh. D\u1eef li\u1ec7u ch\u00ednh x\u00e1c v\u1ec1 t\u00ecnh tr\u1ea1ng giao s\u1ea3n ph\u1ea9m theo tr\u00ecnh t\u1ef1 mong mu\u1ed1n s\u1ebd cho ph\u00e9p kh\u00e1ch h\u00e0ng c\u1ee7a ch\u00fang t\u00f4i ho\u00e0n th\u00e0nh d\u1ef1 \u00e1n c\u1ee7a h\u1ecd \u0111\u00fang h\u1ea1n. Do \u0111\u00f3, Kirby c\u00f3 s\u1ef1 k\u1ebft h\u1ee3p ph\u00f9 h\u1ee3p c\u1ee7a c\u00e1c quy tr\u00ecnh b\u1ec1n v\u1eefng v\u00e0 hi\u1ec7u qu\u1ea3 \u0111\u1ec3 l\u1eadp k\u1ebf ho\u1ea1ch v\u00e0 th\u1ef1c hi\u1ec7n.<\/p>\n<p>Ngo\u00e0i ra, ch\u00fang t\u00f4i cung c\u1ea5p ngu\u1ed3n nguy\u00ean li\u1ec7u t\u1eeb c\u00e1c nh\u00e0 m\u00e1y v\u00e0 nh\u00e0 cung c\u1ea5p th\u00e9p h\u00e0ng \u0111\u1ea7u \u0111\u1ec3 duy tr\u00ec c\u00e1c ti\u00eau chu\u1ea9n ch\u1ea5t l\u01b0\u1ee3ng \u0111\u1eb3ng c\u1ea5p th\u1ebf gi\u1edbi. Vi\u1ec7c k\u1ebft h\u1ee3p t\u1ea5t c\u1ea3 c\u00e1c quy tr\u00ecnh v\u00e0 th\u1ef1c ti\u1ec5n c\u1ee7a ch\u00fang t\u00f4i v\u1edbi nhau gi\u00fap ch\u00fang t\u00f4i \u0111\u00e1p \u1ee9ng nhu c\u1ea7u ng\u00e0y c\u00e0ng t\u0103ng c\u1ee7a kh\u00e1ch h\u00e0ng v\u1ec1 c\u00e1c gi\u1ea3i ph\u00e1p th\u00e9p ch\u1ea5t l\u01b0\u1ee3ng cao, hi\u1ec7u qu\u1ea3 v\u1ec1 chi ph\u00ed v\u00e0 \u0111\u00fang h\u1ea1n.<\/p>\n\n\t\t<\/div>\n\t<\/div>\n<\/div><\/div><\/div><\/div><\/section>","protected":false},"excerpt":{"rendered":"Kirby Building Systems, is a market leader and the largest manufacturer of Pre-Engineered Steel Buildings (PEBs) outside United States of America, has a reputation for having world class business practices...","protected":false},"author":1,"featured_media":0,"parent":2094,"menu_order":0,"comment_status":"closed","ping_status":"closed","template":"","meta":[],"_links":{"self":[{"href":"https:\/\/kirbysoutheastasia.com\/vi\/wp-json\/wp\/v2\/pages\/2115"}],"collection":[{"href":"https:\/\/kirbysoutheastasia.com\/vi\/wp-json\/wp\/v2\/pages"}],"about":[{"href":"https:\/\/kirbysoutheastasia.com\/vi\/wp-json\/wp\/v2\/types\/page"}],"author":[{"embeddable":true,"href":"https:\/\/kirbysoutheastasia.com\/vi\/wp-json\/wp\/v2\/users\/1"}],"replies":[{"embeddable":true,"href":"https:\/\/kirbysoutheastasia.com\/vi\/wp-json\/wp\/v2\/comments?post=2115"}],"version-history":[{"count":0,"href":"https:\/\/kirbysoutheastasia.com\/vi\/wp-json\/wp\/v2\/pages\/2115\/revisions"}],"up":[{"embeddable":true,"href":"https:\/\/kirbysoutheastasia.com\/vi\/wp-json\/wp\/v2\/pages\/2094"}],"wp:attachment":[{"href":"https:\/\/kirbysoutheastasia.com\/vi\/wp-json\/wp\/v2\/media?parent=2115"}],"curies":[{"name":"wp","href":"https:\/\/api.w.org\/{rel}","templated":true}]}}