{"id":2103,"date":"2021-03-12T19:03:11","date_gmt":"2021-03-12T12:03:11","guid":{"rendered":"http:\/\/kirbysoitheastasia.123websitedev.com\/?page_id=2103"},"modified":"2021-10-20T17:35:10","modified_gmt":"2021-10-20T10:35:10","slug":"milestones-achievements","status":"publish","type":"page","link":"https:\/\/kirbysoutheastasia.com\/vi\/kirby-edge\/milestones-achievements\/","title":{"rendered":"C\u00e1c c\u1ed9t m\u1ed1c &amp; th\u00e0nh t\u00edch"},"content":{"rendered":"<section class=\"vc_row wpb_row vc_row-fluid vc-zozo-section typo-dark\"><div class=\"zozo-vc-main-row-inner vc-normal-section\"><div class=\"wpb_column vc_main_column vc_column_container vc_col-sm-12 typo-default\"><div class=\"vc_column-inner\"><div class=\"wpb_wrapper\"><div class=\"smile-icon-timeline-wrap csstime\"     style=\"\"><div class=\"timeline-line\" style=\"border-right-color:;\"><span><\/span><\/div><div class=\"timeline-wrapper\"><div class=\"timeline-block\"><div class=\"timeline-dot\"><\/div><div class=\"ult-timeline-arrow\"><s><\/s><l><\/l><\/div><div class=\"timeline-icon-block\"><div class=\"ult-timeline-icon tl-icon-no-bg\" style=\"   \"><\/div> <!-- icon --><\/div><div class=\"timeline-header-block\" >\r\n\t\t\t\t\t\t\t<div id=\"timeline-item-4415\" class=\"timeline-header\" style=\"\"><h3 class=\"ult-timeline-title ult-responsive\"  data-ultimate-target='#timeline-item-4415 .ult-timeline-title'  data-responsive-json-new='{\"font-size\":\"\",\"line-height\":\"\"}'  style=\"\">2013<\/h3><div class=\"ult-responsive timeline-item-spt\"  data-ultimate-target='#timeline-item-4415 .timeline-item-spt'  data-responsive-json-new='{\"font-size\":\"\",\"line-height\":\"\"}'  style=\"\"><img decoding=\"async\" loading=\"lazy\" class=\"size-full wp-image-2110 alignnone\" src=\"https:\/\/kirbysoutheastasia.com\/wp-content\/uploads\/2021\/03\/62972013.jpg\" alt=\"\" width=\"273\" height=\"187\" \/><br \/>\nKirby Building Systems India wins Dun &amp; Bradstreet Infra Awards for Best PEB Project<\/div><\/div> <!-- header --><\/div><\/div><div class=\"timeline-block\"><div class=\"timeline-dot\"><\/div><div class=\"ult-timeline-arrow\"><s><\/s><l><\/l><\/div><div class=\"timeline-icon-block\"><div class=\"ult-timeline-icon tl-icon-no-bg\" style=\"   \"><\/div> <!-- icon --><\/div><div class=\"timeline-header-block\" >\r\n\t\t\t\t\t\t\t<div id=\"timeline-item-9966\" class=\"timeline-header\" style=\"\"><h3 class=\"ult-timeline-title ult-responsive\"  data-ultimate-target='#timeline-item-9966 .ult-timeline-title'  data-responsive-json-new='{\"font-size\":\"\",\"line-height\":\"\"}'  style=\"\">2011<\/h3><div class=\"ult-responsive timeline-item-spt\"  data-ultimate-target='#timeline-item-9966 .timeline-item-spt'  data-responsive-json-new='{\"font-size\":\"\",\"line-height\":\"\"}'  style=\"\"><img decoding=\"async\" loading=\"lazy\" class=\"wp-image-2109 size-full alignnone\" src=\"https:\/\/kirbysoutheastasia.com\/wp-content\/uploads\/2021\/03\/35972011.jpg\" alt=\"\" width=\"273\" height=\"187\" \/><br \/>\nKirby Building Systems India wins Dun &amp; Bradstreet Infra Awards for Best PEB Project<\/div><\/div> <!-- header --><\/div><\/div><div class=\"timeline-block\"><div class=\"timeline-dot\"><\/div><div class=\"ult-timeline-arrow\"><s><\/s><l><\/l><\/div><div class=\"timeline-icon-block\"><div class=\"ult-timeline-icon tl-icon-no-bg\" style=\"   \"><\/div> <!-- icon --><\/div><div class=\"timeline-header-block\" >\r\n\t\t\t\t\t\t\t<div id=\"timeline-item-4558\" class=\"timeline-header\" style=\"\"><h3 class=\"ult-timeline-title ult-responsive\"  data-ultimate-target='#timeline-item-4558 .ult-timeline-title'  data-responsive-json-new='{\"font-size\":\"\",\"line-height\":\"\"}'  style=\"\">2011<\/h3><div class=\"ult-responsive timeline-item-spt\"  data-ultimate-target='#timeline-item-4558 .timeline-item-spt'  data-responsive-json-new='{\"font-size\":\"\",\"line-height\":\"\"}'  style=\"\"><img decoding=\"async\" loading=\"lazy\" class=\"wp-image-2109 size-full alignnone\" src=\"https:\/\/kirbysoutheastasia.com\/wp-content\/uploads\/2021\/03\/35972011.jpg\" alt=\"\" width=\"273\" height=\"187\" \/><br \/>\nKirby Building Systems \u1ea4n \u0110\u1ed9 gi\u00e0nh \u0111\u01b0\u1ee3c Gi\u1ea3i th\u01b0\u1edfng C\u01a1 s\u1edf h\u1ea1 t\u1ea7ng Xu\u1ea5t s\u1eafc cho D\u1ef1 \u00e1n PEB T\u1ed1t nh\u1ea5t. C\u01a1 s\u1edf s\u1ea3n xu\u1ea5t Kuwait c\u1ee7a Kirby gi\u00e0nh \u0111\u01b0\u1ee3c Gi\u1ea3i th\u01b0\u1edfng Sliver cho s\u1ef1 xu\u1ea5t s\u1eafc c\u1ee7a HSE b\u1edfi Hi\u1ec7p h\u1ed9i K\u1ef9 s\u01b0 An to\u00e0n Hoa K\u1ef3<\/div><\/div> <!-- header --><\/div><\/div><div class=\"timeline-block\"><div class=\"timeline-dot\"><\/div><div class=\"ult-timeline-arrow\"><s><\/s><l><\/l><\/div><div class=\"timeline-icon-block\"><div class=\"ult-timeline-icon tl-icon-no-bg\" style=\"   \"><\/div> <!-- icon --><\/div><div class=\"timeline-header-block\" >\r\n\t\t\t\t\t\t\t<div id=\"timeline-item-9963\" class=\"timeline-header\" style=\"\"><h3 class=\"ult-timeline-title ult-responsive\"  data-ultimate-target='#timeline-item-9963 .ult-timeline-title'  data-responsive-json-new='{\"font-size\":\"\",\"line-height\":\"\"}'  style=\"\">2009<\/h3><div class=\"ult-responsive timeline-item-spt\"  data-ultimate-target='#timeline-item-9963 .timeline-item-spt'  data-responsive-json-new='{\"font-size\":\"\",\"line-height\":\"\"}'  style=\"\"><img decoding=\"async\" loading=\"lazy\" class=\"alignnone wp-image-2108 size-full\" src=\"https:\/\/kirbysoutheastasia.com\/wp-content\/uploads\/2021\/03\/34892009.jpg\" alt=\"\" width=\"273\" height=\"187\" \/><br \/>\nKh\u00e1nh th\u00e0nh Nh\u00e0 m\u00e1y Kirby Vi\u1ec7t Nam. Kirby \u1ea4n \u0110\u1ed9 ho\u00e0n th\u00e0nh 10 n\u0103m<\/div><\/div> <!-- header --><\/div><\/div><div class=\"timeline-block\"><div class=\"timeline-dot\"><\/div><div class=\"ult-timeline-arrow\"><s><\/s><l><\/l><\/div><div class=\"timeline-icon-block\"><div class=\"ult-timeline-icon tl-icon-no-bg\" style=\"   \"><\/div> <!-- icon --><\/div><div class=\"timeline-header-block\" >\r\n\t\t\t\t\t\t\t<div id=\"timeline-item-6020\" class=\"timeline-header\" style=\"\"><h3 class=\"ult-timeline-title ult-responsive\"  data-ultimate-target='#timeline-item-6020 .ult-timeline-title'  data-responsive-json-new='{\"font-size\":\"\",\"line-height\":\"\"}'  style=\"\">2007<\/h3><div class=\"ult-responsive timeline-item-spt\"  data-ultimate-target='#timeline-item-6020 .timeline-item-spt'  data-responsive-json-new='{\"font-size\":\"\",\"line-height\":\"\"}'  style=\"\"><img decoding=\"async\" loading=\"lazy\" class=\"alignnone wp-image-2113 size-full\" src=\"https:\/\/kirbysoutheastasia.com\/wp-content\/uploads\/2021\/03\/63242007.jpg\" alt=\"\" width=\"273\" height=\"187\" \/><br \/>\nKh\u00e1nh th\u00e0nh Nh\u00e0 m\u00e1y Ras Al Khaimah - UAE. N\u0103ng l\u1ef1c s\u1ea3n xu\u1ea5t h\u00e0ng n\u0103m 75.000 t\u1ea5n.<\/p>\n<p><\/div><\/div> <!-- header --><\/div><\/div><div class=\"timeline-block\"><div class=\"timeline-dot\"><\/div><div class=\"ult-timeline-arrow\"><s><\/s><l><\/l><\/div><div class=\"timeline-icon-block\"><div class=\"ult-timeline-icon tl-icon-no-bg\" style=\"   \"><\/div> <!-- icon --><\/div><div class=\"timeline-header-block\" >\r\n\t\t\t\t\t\t\t<div id=\"timeline-item-9169\" class=\"timeline-header\" style=\"\"><h3 class=\"ult-timeline-title ult-responsive\"  data-ultimate-target='#timeline-item-9169 .ult-timeline-title'  data-responsive-json-new='{\"font-size\":\"\",\"line-height\":\"\"}'  style=\"\">2000<\/h3><div class=\"ult-responsive timeline-item-spt\"  data-ultimate-target='#timeline-item-9169 .timeline-item-spt'  data-responsive-json-new='{\"font-size\":\"\",\"line-height\":\"\"}'  style=\"\"><img decoding=\"async\" loading=\"lazy\" class=\"alignnone wp-image-2107 size-full\" src=\"https:\/\/kirbysoutheastasia.com\/wp-content\/uploads\/2021\/03\/14192000.jpg\" alt=\"\" width=\"273\" height=\"187\" \/><br \/>\nKh\u00e1nh th\u00e0nh Nh\u00e0 m\u00e1y Hyderabad. N\u0103ng l\u1ef1c s\u1ea3n xu\u1ea5t h\u00e0ng n\u0103m 100.000 t\u1ea5n.<\/p>\n<p><\/div><\/div> <!-- header --><\/div><\/div><div class=\"timeline-block\"><div class=\"timeline-dot\"><\/div><div class=\"ult-timeline-arrow\"><s><\/s><l><\/l><\/div><div class=\"timeline-icon-block\"><div class=\"ult-timeline-icon tl-icon-no-bg\" style=\"   \"><\/div> <!-- icon --><\/div><div class=\"timeline-header-block\" >\r\n\t\t\t\t\t\t\t<div id=\"timeline-item-7652\" class=\"timeline-header\" style=\"\"><h3 class=\"ult-timeline-title ult-responsive\"  data-ultimate-target='#timeline-item-7652 .ult-timeline-title'  data-responsive-json-new='{\"font-size\":\"\",\"line-height\":\"\"}'  style=\"\">1976<\/h3><div class=\"ult-responsive timeline-item-spt\"  data-ultimate-target='#timeline-item-7652 .timeline-item-spt'  data-responsive-json-new='{\"font-size\":\"\",\"line-height\":\"\"}'  style=\"\"><img decoding=\"async\" loading=\"lazy\" class=\"alignnone wp-image-2111 size-full\" src=\"https:\/\/kirbysoutheastasia.com\/wp-content\/uploads\/2021\/03\/90021976.jpg\" alt=\"\" width=\"273\" height=\"187\" \/><br \/>\nKh\u00e1nh th\u00e0nh Nh\u00e0 m\u00e1y Kuwait. N\u0103ng l\u1ef1c s\u1ea3n xu\u1ea5t h\u00e0ng n\u0103m 100.000 t\u1ea5n.<\/div><\/div> <!-- header --><\/div><\/div><\/div><\/div><\/div><\/div><\/div><\/div><\/section>","protected":false},"excerpt":{"rendered":"2013 Kirby Building Systems India wins Dun &amp; Bradstreet Infra Awards for Best PEB Project 2011 Kirby Building Systems India wins Dun &amp; Bradstreet Infra Awards for Best PEB Project...","protected":false},"author":1,"featured_media":0,"parent":2094,"menu_order":0,"comment_status":"closed","ping_status":"closed","template":"","meta":[],"_links":{"self":[{"href":"https:\/\/kirbysoutheastasia.com\/vi\/wp-json\/wp\/v2\/pages\/2103"}],"collection":[{"href":"https:\/\/kirbysoutheastasia.com\/vi\/wp-json\/wp\/v2\/pages"}],"about":[{"href":"https:\/\/kirbysoutheastasia.com\/vi\/wp-json\/wp\/v2\/types\/page"}],"author":[{"embeddable":true,"href":"https:\/\/kirbysoutheastasia.com\/vi\/wp-json\/wp\/v2\/users\/1"}],"replies":[{"embeddable":true,"href":"https:\/\/kirbysoutheastasia.com\/vi\/wp-json\/wp\/v2\/comments?post=2103"}],"version-history":[{"count":0,"href":"https:\/\/kirbysoutheastasia.com\/vi\/wp-json\/wp\/v2\/pages\/2103\/revisions"}],"up":[{"embeddable":true,"href":"https:\/\/kirbysoutheastasia.com\/vi\/wp-json\/wp\/v2\/pages\/2094"}],"wp:attachment":[{"href":"https:\/\/kirbysoutheastasia.com\/vi\/wp-json\/wp\/v2\/media?parent=2103"}],"curies":[{"name":"wp","href":"https:\/\/api.w.org\/{rel}","templated":true}]}}