{"id":2061,"date":"2021-03-12T17:28:46","date_gmt":"2021-03-12T10:28:46","guid":{"rendered":"http:\/\/kirbysoitheastasia.123websitedev.com\/?page_id=2061"},"modified":"2026-03-23T14:19:49","modified_gmt":"2026-03-23T07:19:49","slug":"executive-team","status":"publish","type":"page","link":"https:\/\/kirbysoutheastasia.com\/vi\/executive-team\/","title":{"rendered":"Ban gi\u00e1m \u0111\u1ed1c"},"content":{"rendered":"<section class=\"vc_row wpb_row vc_row-fluid vc-zozo-section typo-dark\"><div class=\"zozo-vc-main-row-inner vc-normal-section\"><div class=\"wpb_column vc_main_column vc_column_container vc_col-sm-6 typo-default\"><div class=\"vc_column-inner\"><div class=\"wpb_wrapper\">\n\t<div class=\"wpb_text_column wpb_content_element\" >\n\t\t<div class=\"wpb_wrapper\">\n\t\t\t<p>\u0110\u01b0\u1ee3c th\u00e0nh l\u1eadp v\u00e0o n\u0103m 1976, KIRBY BUILDING SYSTEMS, l\u00e0 m\u1ed9t b\u1ed9 ph\u1eadn c\u1ee7a Alghanim Industries, duy tr\u00ec danh ti\u1ebfng m\u1ea1nh m\u1ebd trong vi\u1ec7c cung c\u1ea5p c\u00e1c gi\u1ea3i ph\u00e1p hi\u1ec7u qu\u1ea3 v\u1ec1 chi ph\u00ed cho kh\u00e1ch h\u00e0ng c\u1ee7a m\u00ecnh v\u1ec1 Nh\u00e0 ti\u1ec1n ch\u1ebf v\u00e0 K\u1ebft c\u1ea5u th\u00e9p.<\/p>\n<p>C\u00e1c s\u1ea3n ph\u1ea9m c\u1ee7a ch\u00fang t\u00f4i \u0111\u01b0\u1ee3c thi\u1ebft k\u1ebf v\u00e0 s\u1ea3n xu\u1ea5t theo ti\u00eau chu\u1ea9n ch\u1ea5t l\u01b0\u1ee3ng h\u00e0ng \u0111\u1ea7u th\u1ebf gi\u1edbi v\u00e0 ch\u00fang t\u00f4i cam k\u1ebft cung c\u1ea5p c\u00e1c d\u1ecbch v\u1ee5 \u0111\u1eb3ng c\u1ea5p nh\u1ea5t cho kh\u00e1ch h\u00e0ng. N\u0103ng l\u1ef1c c\u1ee7a ch\u00fang t\u00f4i \u0111\u01b0\u1ee3c ch\u1ee9ng nh\u1eadn b\u1edfi c\u00e1c t\u1ed5 ch\u1ee9c h\u00e0ng \u0111\u1ea7u v\u1ec1 x\u00e2y d\u1ef1ng th\u00e9p th\u00f4ng qua c\u00e1c ch\u1ee9ng ch\u1ec9 c\u1ee7a Vi\u1ec7n X\u00e2y d\u1ef1ng Th\u00e9p Hoa K\u1ef3 (AISC) v\u00e0 Bureau Veritas - ISO 9001.<\/p>\n<p>KIRBY \u0111\u00e3 ph\u00e1t tri\u1ec3n v\u01b0\u1ee3t ra ngo\u00e0i bi\u00ean gi\u1edbi \u0111\u1ecba l\u00fd \u0111\u1ec3 tr\u1edf th\u00e0nh m\u1ed9t c\u00f4ng ty h\u00e0ng \u0111\u1ea7u tr\u00ean th\u1ecb tr\u01b0\u1eddng to\u00e0n c\u1ea7u. V\u1ecb th\u1ebf to\u00e0n c\u1ea7u c\u1ee7a n\u00f3 \u0111\u01b0\u1ee3c h\u1ed7 tr\u1ee3 b\u1edfi m\u1ed9t m\u1ea1ng l\u01b0\u1edbi thi\u1ebft l\u1eadp t\u1ed1t g\u1ed3m&gt; 75 V\u0103n ph\u00f2ng Kinh doanh v\u00e0 g\u1ea7n 400 Nh\u00e0 x\u00e2y d\u1ef1ng \u0111\u01b0\u1ee3c Ch\u1ee9ng nh\u1eadn tr\u1ea3i kh\u1eafp Trung \u0110\u00f4ng, Ch\u00e2u \u00c2u, \u1ea4n \u0110\u1ed9, Ch\u00e2u Phi v\u00e0 \u0110\u00f4ng Nam \u00c1. Trung t\u00e2m K\u1ef9 thu\u1eadt Xu\u1ea5t s\u1eafc c\u1ee7a KIRBY \u0111\u1eb7t t\u1ea1i \u1ea4n \u0110\u1ed9, n\u01a1i x\u1eed l\u00fd v\u00e0 thi\u1ebft k\u1ebf c\u00e1c t\u00f2a nh\u00e0 theo y\u00eau c\u1ea7u c\u1ee7a kh\u00e1ch h\u00e0ng v\u1edbi s\u1ef1 tr\u1ee3 gi\u00fap c\u1ee7a ph\u1ea7n m\u1ec1m \u0111\u1eb3ng c\u1ea5p th\u1ebf gi\u1edbi b\u1eb1ng c\u00e1ch tu\u00e2n theo c\u00e1c th\u00f4ng l\u1ec7 t\u1ed1t nh\u1ea5t trong ng\u00e0nh. N\u0103ng l\u1ef1c s\u1ea3n xu\u1ea5t h\u00e0ng n\u0103m c\u1ee7a KIRBY l\u00e0 450.000 t\u1ea5n v\u1edbi c\u00e1c nh\u00e0 m\u00e1y n\u1eb1m \u1edf v\u1ecb tr\u00ed chi\u1ebfn l\u01b0\u1ee3c \u1edf Trung \u0110\u00f4ng, \u1ea4n \u0110\u1ed9 v\u00e0 \u0110\u00f4ng Nam \u00c1.<\/p>\n<p>Kirby s\u1ea3n xu\u1ea5t h\u00e0ng tr\u0103m k\u1ebft c\u1ea5u th\u00e9p t\u00f9y ch\u1ec9nh m\u1ed7i n\u0103m v\u00e0 \u0111\u00e3 cung c\u1ea5p h\u01a1n 70.000 trong s\u1ed1 n\u00e0y cho \u0111\u1ebfn nay. \u0110\u1ec3 so s\u00e1nh, t\u1ed5ng c\u1ea5u tr\u00fac do Kirby cung c\u1ea5p v\u1ec1 m\u1eb7t l\u00fd thuy\u1ebft c\u00f3 th\u1ec3 bao g\u1ed3m di\u1ec7n t\u00edch \u0111\u1ea5t c\u1ee7a c\u00e1c qu\u1ed1c gia nh\u01b0 Maldives, Malta ho\u1eb7c di\u1ec7n t\u00edch \u0111\u1ea5t k\u1ebft h\u1ee3p c\u1ee7a nh\u1eefng n\u01a1i nh\u01b0 Bermuda, Guernsey, Pitcairn v\u00e0 Anguilla.<\/p>\n\n\t\t<\/div>\n\t<\/div>\n<\/div><\/div><\/div><div class=\"wpb_column vc_main_column vc_column_container vc_col-sm-6 typo-default\"><div class=\"vc_column-inner\"><div class=\"wpb_wrapper\"><\/div><\/div><\/div><\/div><\/section>\t\r\n\r\n\r\n\t<section class=\"vc_row wpb_row vc_row-fluid vc-zozo-section typo-dark\"><div class=\"zozo-vc-main-row-inner vc-normal-section\"><div class=\"wpb_column vc_main_column vc_column_container vc_col-sm-12 typo-default\"><div class=\"vc_column-inner\"><div class=\"wpb_wrapper\">\n\t<div class=\"wpb_text_column wpb_content_element\" >\n\t\t<div class=\"wpb_wrapper\">\n\t\t\t<div class=\"wpdevart_org_chart\"><div class=\"wpdevart_org_chart_container_parent\" id=\"wpdevart_org_chart_container_parent_1\"><div class=\"wpdevart_org_chart_container\" id=\"wpdevart_org_chart_container_1\"><ul><li class=\"has_children next_no_children\" data-children=6><div class=\"wpda_tree_item_container\" id=\"wpda_item_container_1\" ><span class=\"wpda_tree_line\"><\/span><div class=\"\"><div class=\"wpda_tree_item_img_cont\"><img class=\"wpda_tree_item_img\" src=\"https:\/\/kirbysoutheastasia.com\/wp-content\/uploads\/2026\/03\/Anh-Nhut.png\"><\/div><div class=\"wpda_tree_item_title\">Vo Minh Nhut<\/div><div class=\"wpda_tree_item_desc\" >T\u1ed5ng gi\u00e1m \u0111\u1ed1c<\/div><\/div><\/div><ul><li class=\"no_children next_no_children\" data-children=0><div class=\"wpda_tree_item_container\" id=\"wpda_item_container_2\" ><span class=\"wpda_tree_line\"><\/span><div class=\"\"><div class=\"wpda_tree_item_img_cont\"><img class=\"wpda_tree_item_img\" src=\"https:\/\/kirbysoutheastasia.com\/wp-content\/uploads\/2026\/03\/Shamim.png\"><\/div><div class=\"wpda_tree_item_title\">Shamimul Islam<\/div><div class=\"wpda_tree_item_desc\" >Head of Sales & Marketing<\/div><\/div><\/div><\/li><li class=\"no_children next_no_children\" data-children=0><div class=\"wpda_tree_item_container\" id=\"wpda_item_container_3\" ><span class=\"wpda_tree_line\"><\/span><div class=\"\"><div class=\"wpda_tree_item_img_cont\"><img class=\"wpda_tree_item_img\" src=\"https:\/\/kirbysoutheastasia.com\/wp-content\/uploads\/2026\/03\/hao.png\"><\/div><div class=\"wpda_tree_item_title\">Le Dinh Hao<\/div><div class=\"wpda_tree_item_desc\" >Head of Factory<\/div><\/div><\/div><\/li><li class=\"no_children next_no_children\" data-children=0><div class=\"wpda_tree_item_container\" id=\"wpda_item_container_4\" ><span class=\"wpda_tree_line\"><\/span><div class=\"\"><div class=\"wpda_tree_item_img_cont\"><img class=\"wpda_tree_item_img\" src=\"https:\/\/kirbysoutheastasia.com\/wp-content\/uploads\/2026\/03\/anh-thanh.png\"><\/div><div class=\"wpda_tree_item_title\">Tran Minh Thanh<\/div><div class=\"wpda_tree_item_desc\" >Head of Engineering<\/div><\/div><\/div><\/li><li class=\"no_children next_no_children\" data-children=0><div class=\"wpda_tree_item_container\" id=\"wpda_item_container_5\" ><span class=\"wpda_tree_line\"><\/span><div class=\"\"><div class=\"wpda_tree_item_img_cont\"><img class=\"wpda_tree_item_img\" src=\"https:\/\/kirbysoutheastasia.com\/wp-content\/uploads\/2026\/03\/A-Son.png\"><\/div><div class=\"wpda_tree_item_title\">Tran Van An Son<\/div><div class=\"wpda_tree_item_desc\" >Head of Projects<\/div><\/div><\/div><\/li><li class=\"no_children next_no_children\" data-children=0><div class=\"wpda_tree_item_container\" id=\"wpda_item_container_6\" ><span class=\"wpda_tree_line\"><\/span><div class=\"\"><div class=\"wpda_tree_item_img_cont\"><img class=\"wpda_tree_item_img\" src=\"https:\/\/kirbysoutheastasia.com\/wp-content\/uploads\/2026\/03\/jad.png\"><\/div><div class=\"wpda_tree_item_title\">Vu Ngoc Bich (Jade)<\/div><div class=\"wpda_tree_item_desc\" >Head of HR<\/div><\/div><\/div><\/li><li class=\"no_children next_no_children\" data-children=0><div class=\"wpda_tree_item_container\" id=\"wpda_item_container_7\" ><span class=\"wpda_tree_line\"><\/span><div class=\"\"><div class=\"wpda_tree_item_img_cont\"><img class=\"wpda_tree_item_img\" src=\"https:\/\/kirbysoutheastasia.com\/wp-content\/uploads\/2026\/03\/Nikhil.png\"><\/div><div class=\"wpda_tree_item_title\">Nikhil Saraf<\/div><div class=\"wpda_tree_item_desc\" >Head of Finance<\/div><\/div><\/div><\/li><\/ul><\/li><\/ul><\/div><\/div><\/div><script>document.addEventListener(\"DOMContentLoaded\", function(event) { var wpda_org_chart_1= new wpdevart_org_chart_front(\"wpdevart_org_chart_container_1\",{mobile_frendly:\"mob_view_only_on_mob\",mobile_size:450,def_scroll:0, zoomable:\"disable\", draggable:\"disable\", max_zoomable:\"1\", min_zoomable:\"10\", zoom_speed:\"10\"})});<\/script><style>#wpdevart_org_chart_container_parent_1{overflow-x:auto;}#wpdevart_org_chart_container_1{\r\n\t\t\tbackground-image: linear-gradient(to right, rgba(255,255,255,0), rgba(255,255,255,0));\r\n\t\t\tpadding-top:20px;\r\n\t\t\tpadding-right:;\r\n\t\t\tpadding-bottom:20px;\r\n\t\t\tpadding-left:;\r\n\t\t\tborder-style: solid;\r\n\t\t\tborder-color: #cccccc;\r\n\t\t\tborder-width: 0px;\r\n\t\t\tborder-radius: 0px;  \r\n\t\t}#wpdevart_org_chart_container_1 li{margin-top: 1px;}#wpdevart_org_chart_container_1 ul ul::before{left: calc(50% - 0.5px);\r\n\t\t\tborder-left: 1px solid #cccccc;\r\n\t\t\theight: 21px;\r\n\t\t\ttop: 0px;\r\n\t\t}#wpdevart_org_chart_container_1 li::before, #wpdevart_org_chart_container_1 li::after{\r\n\t\t\ttop: -1px;\r\n\t\t\tright: calc(50% - 0.5px);\r\n\t\t\twidth: calc(50% + 1px);\r\n\t\t\tborder-top: 1px solid #cccccc;\r\n\t\t\theight: 21px;\r\n\t\t}#wpdevart_org_chart_container_1 li:after{\r\n\t\t\tleft: calc(50% - 0.5px);\r\n\t\t\tborder-left: 1px solid #cccccc;\r\n\t\t}#wpdevart_org_chart_container_1 li:last-child::before{\r\n\t\t\tborder-right: 1px solid #cccccc;\r\n\t\t}#wpdevart_org_chart_container_1 li:first-child::before,\r\n\t\t#wpdevart_org_chart_container_1 li:last-child::after {\r\n\t\t  border: 0 none;\r\n\t\t}@media screen and (max-width: 1000px) {#wpdevart_org_chart_container_1{\r\n\t\t\tpadding-top:;\r\n\t\t\tpadding-right:;\r\n\t\t\tpadding-bottom:;\r\n\t\t\tpadding-left:;\t\t\r\n\t\t}}@media screen and (max-width: 450px) {#wpdevart_org_chart_container_1{\r\n\t\t\tpadding-top:;\r\n\t\t\tpadding-right:;\r\n\t\t\tpadding-bottom:;\r\n\t\t\tpadding-left:;\t\t\r\n\t\t}}#wpdevart_org_chart_container_1 .chart_wpda_mobile_before.has_children > ul:before{\r\n\t\t\ttop:-80px;\r\n\t\t\tleft:0px;\r\n\t\t\theight:80px;\r\n\t\t}#wpdevart_org_chart_container_1 .chart_wpda_mobile_before.has_children li .wpda_tree_item_container:after{\r\n\t\t\tborder-top: 1px solid #cccccc;\r\n\t\t}#wpdevart_org_chart_container_1 .chart_wpda_mobile_before.has_children li .wpda_tree_item_container:after{\r\n\t\t\tborder-top: 1px solid #cccccc;\r\n\t\t}#wpdevart_org_chart_container_1 .chart_wpda_mobile_before > ul li{\r\n\t\t\tborder-left:1px solid #cccccc;\r\n\t\t}#wpdevart_org_chart_container_1 .chart_wpda_mobile_before.has_children > .wpda_tree_item_container:before,#wpdevart_org_chart_container_1 .chart_wpda_mobile_before li.has_children > .wpda_tree_item_container:before{\r\n\t\t\tcontent: \"\";\r\n\t\t\tborder-left:1px solid #cccccc;\r\n\t\t}#wpdevart_org_chart_container_1 .chart_wpda_mobile_before li{\r\n\t\t\tmargin-top:0px;\r\n\t\t}#wpdevart_org_chart_container_1 .chart_wpda_mobile_before > ul li:last-child{\r\n\t\t\tborder-left: 0;\r\n\t\t}#wpdevart_org_chart_container_1 .chart_wpda_mobile_before > ul li:last-child > div > span.wpda_tree_line{\r\n\t\t\tborder-left: 1px solid #cccccc;\r\n\t\t}#wpdevart_org_chart_container_1 .chart_wpda_mobile_before.has_children li .wpda_tree_item_container:after {\r\n\t\t\ttop: calc(50% - 0.5px);\r\n\t\t}#wpdevart_org_chart_container_1 .chart_wpda_mobile_before li.has_children li .wpda_tree_item_container:after {\r\n\t\t\ttop: calc(50% - 0.5px);\r\n\t\t}.first_child_hidden#wpdevart_org_chart_container_1 .chart_wpda_mobile_before > ul > li > ul > li:first-child::before{\r\n\t\t\tborder-left: 1px solid #cccccc;\r\n\t\t\ttop: 80px;\r\n\t\t\theight: calc(100% - 80px);\r\n\t\t\tleft:0px;\r\n\t\t\twidth:0px;\r\n\t\t}.first_child_hidden#wpdevart_org_chart_container_1 .chart_wpda_mobile_before > ul > li > div.wpda_tree_item_container:before{\r\n\t\t\tborder:none;\r\n\t\t}#wpdevart_org_chart_container_1 .chart_wpda_mobile_before > ul li:last-child > .wpda_tree_item_container{\r\n\t\t\tpadding-left: 21px;\r\n\t\t}#wpdevart_org_chart_container_1 .chart_wpda_mobile_before > ul li:last-child > .wpda_tree_item_container:after{\r\n\t\t\twidth: 21px;\r\n\t\t}#wpdevart_org_chart_container_1 .chart_wpda_mobile_before > ul li:last-child > .wpda_tree_item_container:before{\r\n\t\t\tleft: 21px;\r\n\t\t}#wpdevart_org_chart_container_1 .chart_wpda_mobile_before > ul li:last-child > ul{\r\n\t\t\tmargin-left: 1px;\r\n\t\t}.wpda_mobile#wpdevart_org_chart_container_1 li.has_children > ul:before{\r\n\t\t\ttop:-80px;\r\n\t\t\tleft:0px;\r\n\t\t\theight:80px;\r\n\t\t}.wpda_mobile#wpdevart_org_chart_container_1 li.has_children li .wpda_tree_item_container:after{\r\n\t\t\tborder-top: 1px solid #cccccc;\r\n\t\t}#wpdevart_org_chart_container_1 .chart_wpda_mobile_before li.has_children li .wpda_tree_item_container:after{\r\n\t\t\tborder-top: 1px solid #cccccc;\r\n\t\t}.wpda_mobile#wpdevart_org_chart_container_1 > ul > li > ul li{\r\n\t\t\tborder-left:1px solid #cccccc;\r\n\t\t}.wpda_mobile#wpdevart_org_chart_container_1 li.has_children > .wpda_tree_item_container:before{\r\n\t\t\tcontent: \"\";\r\n\t\t\tborder-left:1px solid #cccccc;\r\n\t\t}.wpda_mobile#wpdevart_org_chart_container_1 li{\r\n\t\t\tmargin-top:0px;\r\n\t\t}.wpda_mobile#wpdevart_org_chart_container_1 > ul > li > ul li:last-child{\r\n\t\t\tborder-left: 0;\r\n\t\t}.wpda_mobile#wpdevart_org_chart_container_1 > ul > li > ul li:last-child > div > span.wpda_tree_line{\r\n\t\t\tborder-left: 1px solid #cccccc;\r\n\t\t}.wpda_mobile#wpdevart_org_chart_container_1 li.has_children li .wpda_tree_item_container:after {\r\n\t\t\ttop: calc(50% - 0.5px);\r\n\t\t}#wpdevart_org_chart_container_1 .chart_wpda_mobile_before li.has_children li .wpda_tree_item_container:after {\r\n\t\t\ttop: calc(50% - 0.5px);\r\n\t\t}.wpda_mobile.first_child_hidden#wpdevart_org_chart_container_1 > ul > li > ul > li:first-child::before{\r\n\t\t\tborder-left: 1px solid #cccccc;\r\n\t\t\ttop: 80px;\r\n\t\t\theight: calc(100% - 80px);\r\n\t\t\tleft:0px;\r\n\t\t\twidth:0px;\r\n\t\t}.wpda_mobile.first_child_hidden#wpdevart_org_chart_container_1  > ul > li > div.wpda_tree_item_container:before{\r\n\t\t\tborder:none;\r\n\t\t}.wpda_mobile#wpdevart_org_chart_container_1  > ul > li > ul li:last-child > .wpda_tree_item_container{\r\n\t\t\tpadding-left: 21px;\r\n\t\t}.wpda_mobile#wpdevart_org_chart_container_1  > ul > li > ul li:last-child > .wpda_tree_item_container:after{\r\n\t\t\twidth: 21px;\r\n\t\t}.wpda_mobile#wpdevart_org_chart_container_1  > ul > li > ul li:last-child > .wpda_tree_item_container:before{\r\n\t\t\tleft: 21px;\r\n\t\t}.wpda_mobile#wpdevart_org_chart_container_1 > ul > li > ul li:last-child >ul{\r\n\t\t\tmargin-left: 1px;\r\n\t\t}<\/style>\n\n\t\t<\/div>\n\t<\/div>\n<\/div><\/div><\/div><\/div><\/section>","protected":false},"excerpt":{"rendered":"Established in 1976, KIRBY BUILDING SYSTEMS, which is a part of Alghanim Industries, maintains a strong reputation for providing cost effective solutions to its customers for Pre-Engineered Building and Steel...","protected":false},"author":1,"featured_media":0,"parent":0,"menu_order":0,"comment_status":"closed","ping_status":"closed","template":"","meta":[],"_links":{"self":[{"href":"https:\/\/kirbysoutheastasia.com\/vi\/wp-json\/wp\/v2\/pages\/2061"}],"collection":[{"href":"https:\/\/kirbysoutheastasia.com\/vi\/wp-json\/wp\/v2\/pages"}],"about":[{"href":"https:\/\/kirbysoutheastasia.com\/vi\/wp-json\/wp\/v2\/types\/page"}],"author":[{"embeddable":true,"href":"https:\/\/kirbysoutheastasia.com\/vi\/wp-json\/wp\/v2\/users\/1"}],"replies":[{"embeddable":true,"href":"https:\/\/kirbysoutheastasia.com\/vi\/wp-json\/wp\/v2\/comments?post=2061"}],"version-history":[{"count":1,"href":"https:\/\/kirbysoutheastasia.com\/vi\/wp-json\/wp\/v2\/pages\/2061\/revisions"}],"predecessor-version":[{"id":4095,"href":"https:\/\/kirbysoutheastasia.com\/vi\/wp-json\/wp\/v2\/pages\/2061\/revisions\/4095"}],"wp:attachment":[{"href":"https:\/\/kirbysoutheastasia.com\/vi\/wp-json\/wp\/v2\/media?parent=2061"}],"curies":[{"name":"wp","href":"https:\/\/api.w.org\/{rel}","templated":true}]}}