{"id":2017,"date":"2021-03-12T16:13:44","date_gmt":"2021-03-12T09:13:44","guid":{"rendered":"http:\/\/kirbysoitheastasia.123websitedev.com\/?page_id=2017"},"modified":"2021-06-18T14:54:18","modified_gmt":"2021-06-18T07:54:18","slug":"kirby-philosophy","status":"publish","type":"page","link":"https:\/\/kirbysoutheastasia.com\/vi\/kirby-philosophy\/","title":{"rendered":"Tri\u1ebft l\u00fd Kirby"},"content":{"rendered":"<section class=\"vc_row wpb_row vc_row-fluid vc-zozo-section typo-dark\"><div class=\"zozo-vc-main-row-inner vc-normal-section\"><div class=\"wpb_column vc_main_column vc_column_container vc_col-sm-12 typo-default\"><div class=\"vc_column-inner\"><div class=\"wpb_wrapper\"><div class=\"zozo-feature-box feature-box-style style-default-box style-sep-yes\" id=\"feature-box-1\"><div class=\"grid-item\"><div class=\"grid-box-inner grid-text-center grid-box-image grid-shape-none\"><h4 class=\"grid-title-below grid-title text-left\" style=\"color:#dd9933;\">TRI\u1ebeT L\u00dd KIRBY<\/h4><div class=\"grid-desc text-left\" ><p>Tri\u1ebft l\u00fd doanh nghi\u1ec7p c\u1ee7a ch\u00fang t\u00f4i \u0111\u1ea1i di\u1ec7n cho c\u00e1c gi\u00e1 tr\u1ecb c\u1ee7a ch\u00fang t\u00f4i. Ch\u00fang t\u00f4i \u0111\u1ea3m b\u1ea3o r\u1eb1ng nh\u00e2n vi\u00ean c\u1ee7a ch\u00fang t\u00f4i hi\u1ec3u kh\u00e1ch h\u00e0ng v\u00e0 h\u01b0\u1edbng t\u1edbi vi\u1ec7c n\u00e2ng cao tr\u1ea3i nghi\u1ec7m. Ch\u00fang t\u00f4i tin r\u1eb1ng cung c\u1ea5p c\u00e1c gi\u1ea3i ph\u00e1p cho kh\u00e1ch h\u00e0ng v\u1edbi gi\u00e1 c\u1ea3 c\u1ea1nh tranh v\u1edbi ch\u1ea5t l\u01b0\u1ee3ng cao nh\u1ea5t l\u00e0 m\u1ed9t trong nh\u1eefng \u0111\u1ec1 xu\u1ea5t b\u00e1n h\u00e0ng \u0111\u1ed9c \u0111\u00e1o c\u1ee7a ch\u00fang t\u00f4i. Ch\u00fang t\u00f4i c\u1ed1 g\u1eafng cung c\u1ea5p tr\u1ea3i nghi\u1ec7m th\u00e2n thi\u1ec7n cho kh\u00e1ch h\u00e0ng \u0111\u1ec3 h\u1ecd th\u00edch t\u01b0\u01a1ng t\u00e1c v\u1edbi ch\u00fang t\u00f4i.<\/p>\n<\/div><\/div><\/div><\/div><\/div><\/div><\/div><\/div><\/section>\t\r\n\r\n\r\n\t<section class=\"vc_row wpb_row vc_row-fluid vc_custom_1616120111663 vc_row-has-fill vc-zozo-section typo-light\"><div class=\"zozo-vc-main-row-inner vc-normal-section\"><div class=\"container\"><div class=\"row\"><div class=\"wpb_column vc_main_column vc_column_container vc_col-sm-12 typo-default\"><div class=\"vc_column-inner\"><div class=\"wpb_wrapper\"><div class=\"zozo-content-carousel-wrapper wpb_animate_when_almost_visible wpb_bottom-to-top\"><div id=\"zozo-content-carousel1\" class=\"zozo-owl-carousel owl-carousel content-carousel-slider\" data-items=\"3\"  data-slideby=\"1\"  data-items-tablet=\"3\"  data-items-mobile-landscape=\"1\"  data-items-mobile-portrait=\"1\"  data-margin=\"20\"  data-autoplay=\"true\"  data-autoplay-timeout=\"5000\"  data-loop=\"true\"  data-pagination=\"false\"  data-navigation=\"true\" ><div class=\"vc_row wpb_row vc_inner vc_row-fluid\"><div class=\"zozo-vc-row-inner vc-inner-row-section clearfix\"><div class=\"wpb_column vc_column_inner vc_column_container vc_col-sm-12 typo-default\"><div class=\"vc_column-inner\"><div class=\"wpb_wrapper\"><div class=\"zozo-feature-box feature-box-style zozo-img-hover zozo-img-hover-fade-out style-info-box style-box-without-bg style-sep-no  wpb_animate_when_almost_visible wpb_bottom-to-top\" id=\"feature-box-2\"><div class=\"grid-item\"><div class=\"grid-box-inner grid-text-left grid-box-image grid-shape-none\"><div class=\"grid-image-wrapper zozo-image-wrapper img-none img-size-small\"><a href=\"https:\/\/kirbysoutheastasia.com\/vi\/kirby-philosophy\/environment-health-safety\/\" title=\"M\u00f4i tr\u01b0\u1eddng, S\u1ee9c kh\u1ecfe v\u00e0 An to\u00e0n\" target=\"_self\"><\/a><\/div><div class=\"grid-content-wrapper\"><a href=\"https:\/\/kirbysoutheastasia.com\/vi\/kirby-philosophy\/environment-health-safety\/\" title=\"M\u00f4i tr\u01b0\u1eddng, S\u1ee9c kh\u1ecfe v\u00e0 An to\u00e0n\" target=\"_self\"><h4 class=\"grid-title\" style=\"color:#000000;\">M\u00f4i tr\u01b0\u1eddng, S\u1ee9c kh\u1ecfe v\u00e0 An to\u00e0n<\/h4><\/a><\/div><\/div><\/div><\/div><\/div><\/div><\/div><\/div><\/div><div class=\"vc_row wpb_row vc_inner vc_row-fluid\"><div class=\"zozo-vc-row-inner vc-inner-row-section clearfix\"><div class=\"wpb_column vc_column_inner vc_column_container vc_col-sm-12 typo-default\"><div class=\"vc_column-inner\"><div class=\"wpb_wrapper\"><div class=\"zozo-feature-box feature-box-style zozo-img-hover zozo-img-hover-fade-out style-info-box style-box-without-bg style-sep-no  wpb_animate_when_almost_visible wpb_bottom-to-top\" id=\"feature-box-3\"><div class=\"grid-item\"><div class=\"grid-box-inner grid-text-left grid-box-image grid-shape-none\"><div class=\"grid-image-wrapper zozo-image-wrapper img-none img-size-small\"><a href=\"https:\/\/kirbysoutheastasia.com\/vi\/kirby-philosophy\/quality-policy\/\" title=\"Ch\u00ednh s\u00e1ch ch\u1ea5t l\u01b0\u1ee3ng\" target=\"_self\"><\/a><\/div><div class=\"grid-content-wrapper\"><a href=\"https:\/\/kirbysoutheastasia.com\/vi\/kirby-philosophy\/quality-policy\/\" title=\"Ch\u00ednh s\u00e1ch ch\u1ea5t l\u01b0\u1ee3ng\" target=\"_self\"><h4 class=\"grid-title\" style=\"color:#000000;\">Ch\u00ednh s\u00e1ch ch\u1ea5t l\u01b0\u1ee3ng<\/h4><\/a><\/div><\/div><\/div><\/div><\/div><\/div><\/div><\/div><\/div><\/div><\/div><\/div><\/div><\/div><\/div><\/div><\/div><\/section>","protected":false},"excerpt":{"rendered":"KIRBY PHILOSOPHYOur corporate philosophy represents our values. We ensure that our employees understand customers and work towards enhancement of experience. We believe that providing solutions to customers at competitive prices...","protected":false},"author":1,"featured_media":0,"parent":0,"menu_order":0,"comment_status":"closed","ping_status":"closed","template":"","meta":[],"_links":{"self":[{"href":"https:\/\/kirbysoutheastasia.com\/vi\/wp-json\/wp\/v2\/pages\/2017"}],"collection":[{"href":"https:\/\/kirbysoutheastasia.com\/vi\/wp-json\/wp\/v2\/pages"}],"about":[{"href":"https:\/\/kirbysoutheastasia.com\/vi\/wp-json\/wp\/v2\/types\/page"}],"author":[{"embeddable":true,"href":"https:\/\/kirbysoutheastasia.com\/vi\/wp-json\/wp\/v2\/users\/1"}],"replies":[{"embeddable":true,"href":"https:\/\/kirbysoutheastasia.com\/vi\/wp-json\/wp\/v2\/comments?post=2017"}],"version-history":[{"count":0,"href":"https:\/\/kirbysoutheastasia.com\/vi\/wp-json\/wp\/v2\/pages\/2017\/revisions"}],"wp:attachment":[{"href":"https:\/\/kirbysoutheastasia.com\/vi\/wp-json\/wp\/v2\/media?parent=2017"}],"curies":[{"name":"wp","href":"https:\/\/api.w.org\/{rel}","templated":true}]}}